{"id":531,"date":"2022-04-04T15:46:21","date_gmt":"2022-04-04T13:46:21","guid":{"rendered":"https:\/\/eptsrl.eu\/linia-artisanala\/"},"modified":"2022-07-29T15:30:00","modified_gmt":"2022-07-29T13:30:00","slug":"linia-artisanala","status":"publish","type":"page","link":"https:\/\/eptsrl.eu\/ro\/linia-artisanala\/","title":{"rendered":"Linia Artisanal\u0103"},"content":{"rendered":"\n<div style=\"height:50px\" aria-hidden=\"true\" class=\"wp-block-spacer\"><\/div>\n\n<div class=\"wp-block-group thor-maxwidth-default has-neutral-dark-color has-text-color is-layout-flow wp-block-group-is-layout-flow\"><div class=\"yoast-breadcrumbs\"><span><span><a href=\"https:\/\/eptsrl.eu\/ro\/\">Home<\/a><\/span> \/ <span class=\"breadcrumb_last\" aria-current=\"page\">Linia Artisanal\u0103<\/span><\/span><\/div>\n\n\n<div style=\"height:15px\" aria-hidden=\"true\" class=\"wp-block-spacer\"><\/div>\n\n\n\n<h1 class=\"has-secondary-color has-text-color has-xl-font-size wp-block-heading\">Linia Artisanal\u0103<\/h1>\n<\/div>\n\n<div style=\"height:50px\" aria-hidden=\"true\" class=\"wp-block-spacer\"><\/div>\n\n<div class=\"wp-block-columns  thor-tablet-two-columns thor-not-reverted is-layout-flex wp-container-core-columns-is-layout-9d6595d7 wp-block-columns-is-layout-flex\">\n<div class=\"wp-block-column is-layout-flow wp-block-column-is-layout-flow\">\n<figure class=\"wp-block-image size-large\"><img decoding=\"async\" src=\"https:\/\/eptsrl.eu\/web\/app\/uploads\/2022\/07\/pexels-je&#x301;shoots-3631-1-1440x916.jpg\" alt=\"\" class=\"wp-image-923\"\/><\/figure>\n<\/div>\n\n\n\n<div class=\"wp-block-column is-layout-flow wp-block-column-is-layout-flow\">\n<div style=\"height:10px\" aria-hidden=\"true\" class=\"wp-block-spacer\"><\/div>\n\n\n\n<p class=\"has-lg-font-size\">Putem oferi o gam\u0103 larg\u0103 de produse pentru gelateria artizanal\u0103; cu grafica standard sau personalizabil cu imprimare offset, in functie de nevoile clientului.<\/p>\n\n\n\n<div style=\"height:15px\" aria-hidden=\"true\" class=\"wp-block-spacer\"><\/div>\n\n\n\n<p class=\"has-base-font-size\"><strong>Cantit\u0103\u021bi minime de comand\u0103<\/strong><\/p>\n\n\n\n<p class=\"has-base-font-size\">Putem livra cantit\u0103\u021bi mici \u0219i mari \u00eencep\u00e2nd de la 15.000 de buc\u0103\u021bi pentru fiecare subiect.<\/p>\n<\/div>\n<\/div>\n\n<div style=\"height:30px\" aria-hidden=\"true\" class=\"wp-block-spacer thor-hidden-sm\"><\/div>\n\n<div style=\"height:30px\" aria-hidden=\"true\" class=\"wp-block-spacer\"><\/div>\n\n<div class=\"wp-block-group alignfull thor-maxwidth-default has-primary-color has-neutral-blue-background-color has-text-color has-background is-layout-flow wp-block-group-is-layout-flow\">\n<div class=\"wp-block-group thor-maxwidth-3xl is-layout-flow wp-block-group-is-layout-flow\">\n<div style=\"height:60px\" aria-hidden=\"true\" class=\"wp-block-spacer\"><\/div>\n\n\n\n<div class=\"wp-block-columns  thor-tablet-two-columns thor-not-reverted is-layout-flex wp-container-core-columns-is-layout-9d6595d7 wp-block-columns-is-layout-flex\">\n<div class=\"wp-block-column is-layout-flow wp-block-column-is-layout-flow\">\n<h3 class=\"has-lg-font-size wp-block-heading\">Gam\u0103<\/h3>\n\n\n\n<div style=\"height:10px\" aria-hidden=\"true\" class=\"wp-block-spacer\"><\/div>\n\n\n\n<p class=\"has-base-font-size\">Selec\u021bie larg\u0103 de man\u0219oane din h\u00e2rtie pentru \u00eenghe\u021bat\u0103 artizanal\u0103 de la miniature la standard.<\/p>\n\n\n\n<div style=\"height:50px\" aria-hidden=\"true\" class=\"wp-block-spacer thor-hidden-md thor-hidden-lg thor-hidden-xl\"><\/div>\n<\/div>\n\n\n\n<div class=\"wp-block-column is-layout-flow wp-block-column-is-layout-flow\">\n<h3 class=\"has-lg-font-size wp-block-heading\">Caracteristici<\/h3>\n\n\n\n<div style=\"height:10px\" aria-hidden=\"true\" class=\"wp-block-spacer\"><\/div>\n\n\n\n<p class=\"has-base-font-size\">Durat\u0103 de p\u00e2n\u0103 la 1 an, \u00eembinare rezistent\u0103, Personalizare disponibil\u0103 p\u00e2n\u0103 la 7 culori .<\/p>\n\n\n\n<div style=\"height:50px\" aria-hidden=\"true\" class=\"wp-block-spacer thor-hidden-md thor-hidden-lg thor-hidden-xl\"><\/div>\n<\/div>\n\n\n\n<div class=\"wp-block-column is-layout-flow wp-block-column-is-layout-flow\">\n<h3 class=\"has-lg-font-size wp-block-heading\">Materiale<\/h3>\n\n\n\n<div style=\"height:10px\" aria-hidden=\"true\" class=\"wp-block-spacer\"><\/div>\n\n\n\n<p class=\"has-base-font-size\">H\u00e2rtie reciclabil\u0103 100% ecologic\u0103, certificate PEFC\/FSC la cerere<\/p>\n\n\n\n<div style=\"height:50px\" aria-hidden=\"true\" class=\"wp-block-spacer thor-hidden-md thor-hidden-lg thor-hidden-xl\"><\/div>\n<\/div>\n\n\n\n<div class=\"wp-block-column is-layout-flow wp-block-column-is-layout-flow\">\n<h3 class=\"has-lg-font-size wp-block-heading\">Formate<\/h3>\n\n\n\n<div style=\"height:10px\" aria-hidden=\"true\" class=\"wp-block-spacer\"><\/div>\n\n\n\n<p class=\"has-base-font-size\">Diverse formate disponibile. Mai multe informa\u021bii la cerere. <\/p>\n<\/div>\n<\/div>\n\n\n\n<div style=\"height:60px\" aria-hidden=\"true\" class=\"wp-block-spacer\"><\/div>\n<\/div>\n<\/div>\n","protected":false},"excerpt":{"rendered":"<p>Linia Artisanal\u0103 Putem oferi o gam\u0103 larg\u0103 de produse pentru gelateria artizanal\u0103; cu grafica standard sau personalizabil cu imprimare offset,&#8230;<\/p>\n","protected":false},"author":1,"featured_media":925,"parent":0,"menu_order":10,"comment_status":"closed","ping_status":"closed","template":"","meta":{"inline_featured_image":false,"footnotes":""},"class_list":["post-531","page","type-page","status-publish","has-post-thumbnail","hentry"],"yoast_head":"<!-- This site is optimized with the Yoast SEO plugin v24.5 - https:\/\/yoast.com\/wordpress\/plugins\/seo\/ -->\n<title>Linia Artisanal\u0103 - EPT<\/title>\n<meta name=\"robots\" content=\"index, follow, max-snippet:-1, max-image-preview:large, max-video-preview:-1\" \/>\n<link rel=\"canonical\" href=\"https:\/\/eptsrl.eu\/ro\/linia-artisanala\/\" \/>\n<meta property=\"og:locale\" content=\"ro_RO\" \/>\n<meta property=\"og:type\" content=\"article\" \/>\n<meta property=\"og:title\" content=\"Linia Artisanal\u0103 - EPT\" \/>\n<meta property=\"og:description\" content=\"Linia Artisanal\u0103 Putem oferi o gam\u0103 larg\u0103 de produse pentru gelateria artizanal\u0103; cu grafica standard sau personalizabil cu imprimare offset,...\" \/>\n<meta property=\"og:url\" content=\"https:\/\/eptsrl.eu\/ro\/linia-artisanala\/\" \/>\n<meta property=\"og:site_name\" content=\"EPT\" \/>\n<meta property=\"article:modified_time\" content=\"2022-07-29T13:30:00+00:00\" \/>\n<meta property=\"og:image\" content=\"https:\/\/eptsrl.eu\/web\/app\/uploads\/2022\/07\/pexels-je\u0301shoots-3631-1.jpg\" \/>\n\t<meta property=\"og:image:width\" content=\"1920\" \/>\n\t<meta property=\"og:image:height\" content=\"1221\" \/>\n\t<meta property=\"og:image:type\" content=\"image\/jpeg\" \/>\n<meta name=\"twitter:card\" content=\"summary_large_image\" \/>\n<meta name=\"twitter:label1\" content=\"Est. reading time\" \/>\n\t<meta name=\"twitter:data1\" content=\"1 minute\" \/>\n<script type=\"application\/ld+json\" class=\"yoast-schema-graph\">{\"@context\":\"https:\/\/schema.org\",\"@graph\":[{\"@type\":\"WebPage\",\"@id\":\"https:\/\/eptsrl.eu\/ro\/linia-artisanala\/\",\"url\":\"https:\/\/eptsrl.eu\/ro\/linia-artisanala\/\",\"name\":\"Linia Artisanal\u0103 - EPT\",\"isPartOf\":{\"@id\":\"https:\/\/eptsrl.eu\/ro\/#website\"},\"primaryImageOfPage\":{\"@id\":\"https:\/\/eptsrl.eu\/ro\/linia-artisanala\/#primaryimage\"},\"image\":{\"@id\":\"https:\/\/eptsrl.eu\/ro\/linia-artisanala\/#primaryimage\"},\"thumbnailUrl\":\"https:\/\/eptsrl.eu\/web\/app\/uploads\/2022\/07\/pexels-je\u0301shoots-3631-1.jpg\",\"datePublished\":\"2022-04-04T13:46:21+00:00\",\"dateModified\":\"2022-07-29T13:30:00+00:00\",\"breadcrumb\":{\"@id\":\"https:\/\/eptsrl.eu\/ro\/linia-artisanala\/#breadcrumb\"},\"inLanguage\":\"ro-RO\",\"potentialAction\":[{\"@type\":\"ReadAction\",\"target\":[\"https:\/\/eptsrl.eu\/ro\/linia-artisanala\/\"]}]},{\"@type\":\"ImageObject\",\"inLanguage\":\"ro-RO\",\"@id\":\"https:\/\/eptsrl.eu\/ro\/linia-artisanala\/#primaryimage\",\"url\":\"https:\/\/eptsrl.eu\/web\/app\/uploads\/2022\/07\/pexels-je\u0301shoots-3631-1.jpg\",\"contentUrl\":\"https:\/\/eptsrl.eu\/web\/app\/uploads\/2022\/07\/pexels-je\u0301shoots-3631-1.jpg\",\"width\":1920,\"height\":1221},{\"@type\":\"BreadcrumbList\",\"@id\":\"https:\/\/eptsrl.eu\/ro\/linia-artisanala\/#breadcrumb\",\"itemListElement\":[{\"@type\":\"ListItem\",\"position\":1,\"name\":\"Home\",\"item\":\"https:\/\/eptsrl.eu\/ro\/\"},{\"@type\":\"ListItem\",\"position\":2,\"name\":\"Linia Artisanal\u0103\"}]},{\"@type\":\"WebSite\",\"@id\":\"https:\/\/eptsrl.eu\/ro\/#website\",\"url\":\"https:\/\/eptsrl.eu\/ro\/\",\"name\":\"EPT Srl\",\"description\":\"European Packaging Tech\",\"publisher\":{\"@id\":\"https:\/\/eptsrl.eu\/ro\/#organization\"},\"alternateName\":\"EPT Srl\",\"potentialAction\":[{\"@type\":\"SearchAction\",\"target\":{\"@type\":\"EntryPoint\",\"urlTemplate\":\"https:\/\/eptsrl.eu\/ro\/?s={search_term_string}\"},\"query-input\":{\"@type\":\"PropertyValueSpecification\",\"valueRequired\":true,\"valueName\":\"search_term_string\"}}],\"inLanguage\":\"ro-RO\"},{\"@type\":\"Organization\",\"@id\":\"https:\/\/eptsrl.eu\/ro\/#organization\",\"name\":\"EPT Srl\",\"alternateName\":\"European Packaging Tech\",\"url\":\"https:\/\/eptsrl.eu\/ro\/\",\"logo\":{\"@type\":\"ImageObject\",\"inLanguage\":\"ro-RO\",\"@id\":\"https:\/\/eptsrl.eu\/ro\/#\/schema\/logo\/image\/\",\"url\":\"https:\/\/eptsrl.eu\/web\/app\/uploads\/2022\/05\/cropped-favicon-1.png\",\"contentUrl\":\"https:\/\/eptsrl.eu\/web\/app\/uploads\/2022\/05\/cropped-favicon-1.png\",\"width\":512,\"height\":512,\"caption\":\"EPT Srl\"},\"image\":{\"@id\":\"https:\/\/eptsrl.eu\/ro\/#\/schema\/logo\/image\/\"}}]}<\/script>\n<!-- \/ Yoast SEO plugin. -->","yoast_head_json":{"title":"Linia Artisanal\u0103 - EPT","robots":{"index":"index","follow":"follow","max-snippet":"max-snippet:-1","max-image-preview":"max-image-preview:large","max-video-preview":"max-video-preview:-1"},"canonical":"https:\/\/eptsrl.eu\/ro\/linia-artisanala\/","og_locale":"ro_RO","og_type":"article","og_title":"Linia Artisanal\u0103 - EPT","og_description":"Linia Artisanal\u0103 Putem oferi o gam\u0103 larg\u0103 de produse pentru gelateria artizanal\u0103; cu grafica standard sau personalizabil cu imprimare offset,...","og_url":"https:\/\/eptsrl.eu\/ro\/linia-artisanala\/","og_site_name":"EPT","article_modified_time":"2022-07-29T13:30:00+00:00","og_image":[{"width":1920,"height":1221,"url":"https:\/\/eptsrl.eu\/web\/app\/uploads\/2022\/07\/pexels-je\u0301shoots-3631-1.jpg","type":"image\/jpeg"}],"twitter_card":"summary_large_image","twitter_misc":{"Est. reading time":"1 minute"},"schema":{"@context":"https:\/\/schema.org","@graph":[{"@type":"WebPage","@id":"https:\/\/eptsrl.eu\/ro\/linia-artisanala\/","url":"https:\/\/eptsrl.eu\/ro\/linia-artisanala\/","name":"Linia Artisanal\u0103 - EPT","isPartOf":{"@id":"https:\/\/eptsrl.eu\/ro\/#website"},"primaryImageOfPage":{"@id":"https:\/\/eptsrl.eu\/ro\/linia-artisanala\/#primaryimage"},"image":{"@id":"https:\/\/eptsrl.eu\/ro\/linia-artisanala\/#primaryimage"},"thumbnailUrl":"https:\/\/eptsrl.eu\/web\/app\/uploads\/2022\/07\/pexels-je\u0301shoots-3631-1.jpg","datePublished":"2022-04-04T13:46:21+00:00","dateModified":"2022-07-29T13:30:00+00:00","breadcrumb":{"@id":"https:\/\/eptsrl.eu\/ro\/linia-artisanala\/#breadcrumb"},"inLanguage":"ro-RO","potentialAction":[{"@type":"ReadAction","target":["https:\/\/eptsrl.eu\/ro\/linia-artisanala\/"]}]},{"@type":"ImageObject","inLanguage":"ro-RO","@id":"https:\/\/eptsrl.eu\/ro\/linia-artisanala\/#primaryimage","url":"https:\/\/eptsrl.eu\/web\/app\/uploads\/2022\/07\/pexels-je\u0301shoots-3631-1.jpg","contentUrl":"https:\/\/eptsrl.eu\/web\/app\/uploads\/2022\/07\/pexels-je\u0301shoots-3631-1.jpg","width":1920,"height":1221},{"@type":"BreadcrumbList","@id":"https:\/\/eptsrl.eu\/ro\/linia-artisanala\/#breadcrumb","itemListElement":[{"@type":"ListItem","position":1,"name":"Home","item":"https:\/\/eptsrl.eu\/ro\/"},{"@type":"ListItem","position":2,"name":"Linia Artisanal\u0103"}]},{"@type":"WebSite","@id":"https:\/\/eptsrl.eu\/ro\/#website","url":"https:\/\/eptsrl.eu\/ro\/","name":"EPT Srl","description":"European Packaging Tech","publisher":{"@id":"https:\/\/eptsrl.eu\/ro\/#organization"},"alternateName":"EPT Srl","potentialAction":[{"@type":"SearchAction","target":{"@type":"EntryPoint","urlTemplate":"https:\/\/eptsrl.eu\/ro\/?s={search_term_string}"},"query-input":{"@type":"PropertyValueSpecification","valueRequired":true,"valueName":"search_term_string"}}],"inLanguage":"ro-RO"},{"@type":"Organization","@id":"https:\/\/eptsrl.eu\/ro\/#organization","name":"EPT Srl","alternateName":"European Packaging Tech","url":"https:\/\/eptsrl.eu\/ro\/","logo":{"@type":"ImageObject","inLanguage":"ro-RO","@id":"https:\/\/eptsrl.eu\/ro\/#\/schema\/logo\/image\/","url":"https:\/\/eptsrl.eu\/web\/app\/uploads\/2022\/05\/cropped-favicon-1.png","contentUrl":"https:\/\/eptsrl.eu\/web\/app\/uploads\/2022\/05\/cropped-favicon-1.png","width":512,"height":512,"caption":"EPT Srl"},"image":{"@id":"https:\/\/eptsrl.eu\/ro\/#\/schema\/logo\/image\/"}}]}},"acf":[],"_links":{"self":[{"href":"https:\/\/eptsrl.eu\/ro\/wp-json\/wp\/v2\/pages\/531","targetHints":{"allow":["GET"]}}],"collection":[{"href":"https:\/\/eptsrl.eu\/ro\/wp-json\/wp\/v2\/pages"}],"about":[{"href":"https:\/\/eptsrl.eu\/ro\/wp-json\/wp\/v2\/types\/page"}],"author":[{"embeddable":true,"href":"https:\/\/eptsrl.eu\/ro\/wp-json\/wp\/v2\/users\/1"}],"replies":[{"embeddable":true,"href":"https:\/\/eptsrl.eu\/ro\/wp-json\/wp\/v2\/comments?post=531"}],"version-history":[{"count":2,"href":"https:\/\/eptsrl.eu\/ro\/wp-json\/wp\/v2\/pages\/531\/revisions"}],"predecessor-version":[{"id":1061,"href":"https:\/\/eptsrl.eu\/ro\/wp-json\/wp\/v2\/pages\/531\/revisions\/1061"}],"wp:featuredmedia":[{"embeddable":true,"href":"https:\/\/eptsrl.eu\/ro\/wp-json\/wp\/v2\/media\/925"}],"wp:attachment":[{"href":"https:\/\/eptsrl.eu\/ro\/wp-json\/wp\/v2\/media?parent=531"}],"curies":[{"name":"wp","href":"https:\/\/api.w.org\/{rel}","templated":true}]}}