{"id":517,"date":"2022-03-08T14:40:00","date_gmt":"2022-03-08T13:40:00","guid":{"rendered":"https:\/\/eptsrl.eu\/home\/"},"modified":"2022-07-19T14:25:24","modified_gmt":"2022-07-19T12:25:24","slug":"home","status":"publish","type":"page","link":"https:\/\/eptsrl.eu\/ro\/","title":{"rendered":"Home"},"content":{"rendered":"\n<div class=\"wp-block-cover is-light\" style=\"min-height:600px;aspect-ratio:unset;\"><span aria-hidden=\"true\" class=\"has-primary-background-color wp-block-cover__gradient-background has-background-dim\"><\/span><img loading=\"lazy\" decoding=\"async\" width=\"1920\" height=\"1080\" class=\"wp-block-cover__image-background wp-image-863\" alt=\"\" src=\"https:\/\/eptsrl.eu\/web\/app\/uploads\/2022\/07\/EPT10-copia.jpg\" data-object-fit=\"cover\" srcset=\"https:\/\/eptsrl.eu\/web\/app\/uploads\/2022\/07\/EPT10-copia.jpg 1920w, https:\/\/eptsrl.eu\/web\/app\/uploads\/2022\/07\/EPT10-copia-600x338.jpg 600w, https:\/\/eptsrl.eu\/web\/app\/uploads\/2022\/07\/EPT10-copia-1440x810.jpg 1440w, https:\/\/eptsrl.eu\/web\/app\/uploads\/2022\/07\/EPT10-copia-1024x576.jpg 1024w, https:\/\/eptsrl.eu\/web\/app\/uploads\/2022\/07\/EPT10-copia-1536x864.jpg 1536w, https:\/\/eptsrl.eu\/web\/app\/uploads\/2022\/07\/EPT10-copia-70x39.jpg 70w\" sizes=\"auto, (max-width: 1920px) 100vw, 1920px\" \/><div class=\"wp-block-cover__inner-container is-layout-flow wp-block-cover-is-layout-flow\">\n<div class=\"wp-block-group thor-maxwidth-md is-layout-flow wp-block-group-is-layout-flow\">\n<h1 class=\"has-text-align-center has-white-color has-text-color has-2-xl-font-size wp-block-heading\">A \u00eembr\u0103ca \u00eenghe\u021bata este meseria noastr\u0103<\/h1>\n\n\n\n<div style=\"height:15px\" aria-hidden=\"true\" class=\"wp-block-spacer thor-hidden-sm\"><\/div>\n\n\n\n<div class=\"wp-block-buttons is-content-justification-center is-layout-flex wp-container-core-buttons-is-layout-16018d1d wp-block-buttons-is-layout-flex\">\n<div class=\"wp-block-button is-style-underline\"><a class=\"wp-block-button__link has-white-color has-text-color\" href=\"https:\/\/eptsrl.eu\/ro\/produse\/linia-industriala\/\">Descoperi\u021bi produsele<\/a><\/div>\n<\/div>\n<\/div>\n<\/div><\/div>\n\n<div style=\"height:30px\" aria-hidden=\"true\" class=\"wp-block-spacer\"><\/div>\n\n<div style=\"height:30px\" aria-hidden=\"true\" class=\"wp-block-spacer\"><\/div>\n\n<div style=\"height:30px\" aria-hidden=\"true\" class=\"wp-block-spacer thor-hidden-sm\"><\/div>\n\n<div style=\"height:30px\" aria-hidden=\"true\" class=\"wp-block-spacer thor-hidden-sm\"><\/div>\n\n<div class=\"wp-block-columns  thor-tablet-two-columns thor-not-reverted is-layout-flex wp-container-core-columns-is-layout-9d6595d7 wp-block-columns-is-layout-flex\">\n<div class=\"wp-block-column is-layout-flow wp-block-column-is-layout-flow\" style=\"flex-basis:33.33%\">\n<h2 class=\"has-primary-color has-text-color has-xl-font-size wp-block-heading\">Eficien\u021ba noastr\u0103<\/h2>\n<\/div>\n\n\n\n<div class=\"wp-block-column is-layout-flow wp-block-column-is-layout-flow\" style=\"flex-basis:66.66%\">\n<div style=\"height:15px\" aria-hidden=\"true\" class=\"wp-block-spacer thor-hidden-md thor-hidden-lg thor-hidden-xl\"><\/div>\n\n\n\n<p class=\"has-primary-color has-text-color has-lg-font-size\" style=\"font-style:normal;font-weight:400\"><strong>ste de o importan\u021b\u0103 fundamental\u0103 pentru a ne asigura c\u0103 sunt atinse cele mai \u00eenalte standarde de calitate \u0219i competitivitate.<\/strong> Dintotdeauna ne-am angajat s\u0103 oferim clien\u021bilor no\u0219tri cele mai bune servicii posibile.<\/p>\n\n\n\n<div style=\"height:15px\" aria-hidden=\"true\" class=\"wp-block-spacer thor-hidden-sm\"><\/div>\n\n\n\n<div class=\"wp-block-buttons is-content-justification-left is-layout-flex wp-container-core-buttons-is-layout-fdcfc74e wp-block-buttons-is-layout-flex\">\n<div class=\"wp-block-button is-style-underline\"><a class=\"wp-block-button__link has-neutral-dark-color has-text-color\" href=\"https:\/\/eptsrl.eu\/ro\/agentie\/\">Cine suntem<\/a><\/div>\n<\/div>\n<\/div>\n\n\n\n<div class=\"wp-block-column is-layout-flow wp-block-column-is-layout-flow\" style=\"flex-basis:10%\"><\/div>\n<\/div>\n\n<div style=\"height:30px\" aria-hidden=\"true\" class=\"wp-block-spacer\"><\/div>\n\n<div style=\"height:30px\" aria-hidden=\"true\" class=\"wp-block-spacer thor-hidden-sm\"><\/div>\n\n<div style=\"height:30px\" aria-hidden=\"true\" class=\"wp-block-spacer thor-hidden-sm\"><\/div>\n\n<div class=\"wp-block-group alignfull thor-maxwidth-default has-primary-color has-neutral-blue-background-color has-text-color has-background is-layout-flow wp-block-group-is-layout-flow\">\n<div style=\"height:30px\" aria-hidden=\"true\" class=\"wp-block-spacer\"><\/div>\n\n\n\n<div style=\"height:30px\" aria-hidden=\"true\" class=\"wp-block-spacer thor-hidden-sm\"><\/div>\n\n\n\n<div style=\"height:30px\" aria-hidden=\"true\" class=\"wp-block-spacer thor-hidden-sm\"><\/div>\n\n\n\n<div class=\"wp-block-group thor-maxwidth-lg is-layout-flow wp-block-group-is-layout-flow\">\n<div class=\"wp-block-cover is-light is-style-contain\" style=\"min-height:230px;aspect-ratio:unset;\"><span aria-hidden=\"true\" class=\"has-background-dim-0 wp-block-cover__gradient-background has-background-dim\"><\/span><img loading=\"lazy\" decoding=\"async\" width=\"172\" height=\"229\" class=\"wp-block-cover__image-background wp-image-469\" alt=\"\" src=\"https:\/\/eptsrl.eu\/web\/app\/uploads\/2022\/03\/gelato.png\" data-object-fit=\"cover\" srcset=\"https:\/\/eptsrl.eu\/web\/app\/uploads\/2022\/03\/gelato.png 172w, https:\/\/eptsrl.eu\/web\/app\/uploads\/2022\/03\/gelato-70x93.png 70w\" sizes=\"auto, (max-width: 172px) 100vw, 172px\" \/><div class=\"wp-block-cover__inner-container is-layout-flow wp-block-cover-is-layout-flow\">\n<h3 class=\"has-text-align-center has-primary-color has-text-color has-xl-font-size wp-block-heading\">Garant\u0103m \u00eentotdeauna calitatea produselor, prin verific\u0103ri aprofundate ale furnizorilor no\u0219tri.<\/h3>\n\n\n\n<div style=\"height:15px\" aria-hidden=\"true\" class=\"wp-block-spacer thor-hidden-sm\"><\/div>\n\n\n\n<div class=\"wp-block-buttons is-content-justification-center is-layout-flex wp-container-core-buttons-is-layout-16018d1d wp-block-buttons-is-layout-flex\">\n<div class=\"wp-block-button is-style-underline\"><a class=\"wp-block-button__link has-primary-color has-text-color\" href=\"https:\/\/eptsrl.eu\/ro\/calitate\/\">Afla cum<\/a><\/div>\n<\/div>\n<\/div><\/div>\n<\/div>\n\n\n\n<div style=\"height:30px\" aria-hidden=\"true\" class=\"wp-block-spacer thor-hidden-sm\"><\/div>\n\n\n\n<div style=\"height:30px\" aria-hidden=\"true\" class=\"wp-block-spacer thor-hidden-sm\"><\/div>\n\n\n\n<div style=\"height:30px\" aria-hidden=\"true\" class=\"wp-block-spacer\"><\/div>\n<\/div>\n<div id=\"thor-block_62ced73117bed\" class=\"thor-products-list\">\n  <div class=\"products-list-inner\">\n    <div class=\"w-full md__w-1\/2 lg__w-1\/3\">\n      <div class=\"side-info\">\n                  <h3>\n            Suntem speciali\u0219ti \u00een ambalaje \n          <\/h3>\n                          <div class=\"side-text\">\n            <p>De mul\u021bi ani lucr\u0103m cot la cot cu cele mai mari m\u0103rci de companii care produc \u00eenghe\u021bat\u0103.<\/p>\n\n          <\/div>\n                          <div class=\"side-link\">\n            <a href=\"https:\/\/eptsrl.eu\/ro\/produse\/linia-industriala\/\" target=\"\" alt=\"Linia Industriala\">\n              Linia Industriala\n            <\/a>\n          <\/div>\n                          <div class=\"navigation-wrapper\">\n            <div data-button-prev=\"\">\n              <svg width=\"60\" height=\"60\" viewBox=\"0 0 60 60\" fill=\"none\" xmlns=\"http:\/\/www.w3.org\/2000\/svg\"><circle cx=\"30\" cy=\"30\" r=\"30\" fill=\"#E7DCD7\"\/><path d=\"M43.207 30.707a1 1 0 000-1.414l-6.364-6.364a1 1 0 00-1.414 1.414L41.086 30l-5.657 5.657a1 1 0 001.414 1.414l6.364-6.364zM17.5 31h25v-2h-25v2z\" fill=\"#320B0B\"\/><\/svg>            <\/div>\n            <div data-button-next=\"\">\n              <svg width=\"60\" height=\"60\" viewBox=\"0 0 60 60\" fill=\"none\" xmlns=\"http:\/\/www.w3.org\/2000\/svg\"><circle cx=\"30\" cy=\"30\" r=\"30\" fill=\"#E7DCD7\"\/><path d=\"M43.207 30.707a1 1 0 000-1.414l-6.364-6.364a1 1 0 00-1.414 1.414L41.086 30l-5.657 5.657a1 1 0 001.414 1.414l6.364-6.364zM17.5 31h25v-2h-25v2z\" fill=\"#320B0B\"\/><\/svg>            <\/div>\n          <\/div>\n              <\/div><!--side info-->\n    <\/div>\n    <div class=\"w-full md__w-1\/2 lg__w-2\/3\">\n      <div class=\"carousel swiper product-types-list\">\n        <ul class=\"swiper-wrapper\">\n                                  <li class=\"swiper-slide\">\n              <a href=\"https:\/\/eptsrl.eu\/ro\/prodotti\/coni\/\">\n                <div class=\"category-title\">\n                  <h3>\n                    Coni\n                  <\/h3>\n                <\/div>\n                <figure>\n                                      <img decoding=\"async\" \n                      class=\"lazy\"\n                      src=\"https:\/\/eptsrl.eu\/web\/app\/uploads\/2022\/07\/EPT01-copia-1-1440x810.jpg\" \n                      alt=\"\"\n                      title=\"EPT01-copia\"\n                    \/>\n                                  <\/figure>\n              <\/a>\n            <\/li>\n                                  <li class=\"swiper-slide\">\n              <a href=\"https:\/\/eptsrl.eu\/ro\/prodotti\/coperchi-in-cartone-e-plastica\/\">\n                <div class=\"category-title\">\n                  <h3>\n                    Coperchi in cartone e plastica\n                  <\/h3>\n                <\/div>\n                <figure>\n                                      <img decoding=\"async\" \n                      class=\"lazy\"\n                      src=\"https:\/\/eptsrl.eu\/web\/app\/uploads\/2022\/07\/EPT04-copia-1-1440x810.jpg\" \n                      alt=\"\"\n                      title=\"EPT04-copia\"\n                    \/>\n                                  <\/figure>\n              <\/a>\n            <\/li>\n                                  <li class=\"swiper-slide\">\n              <a href=\"https:\/\/eptsrl.eu\/ro\/prodotti\/cialde-per-coni-gelato\/\">\n                <div class=\"category-title\">\n                  <h3>\n                    Cialde per Coni gelato\n                  <\/h3>\n                <\/div>\n                <figure>\n                                      <img decoding=\"async\" \n                      class=\"lazy\"\n                      src=\"https:\/\/eptsrl.eu\/web\/app\/uploads\/2022\/07\/EPT11-copia-1440x810.jpg\" \n                      alt=\"\"\n                      title=\"EPT11-copia\"\n                    \/>\n                                  <\/figure>\n              <\/a>\n            <\/li>\n                                  <li class=\"swiper-slide\">\n              <a href=\"https:\/\/eptsrl.eu\/ro\/prodotti\/stecchini-in-legno\/\">\n                <div class=\"category-title\">\n                  <h3>\n                    Stecchini in Legno\n                  <\/h3>\n                <\/div>\n                <figure>\n                                      <img decoding=\"async\" \n                      class=\"lazy\"\n                      src=\"https:\/\/eptsrl.eu\/web\/app\/uploads\/2022\/07\/EPT12-copia-1440x810.jpg\" \n                      alt=\"\"\n                      title=\"EPT12-copia\"\n                    \/>\n                                  <\/figure>\n              <\/a>\n            <\/li>\n                                  <li class=\"swiper-slide\">\n              <a href=\"https:\/\/eptsrl.eu\/ro\/prodotti\/cestelli-per-gelati\/\">\n                <div class=\"category-title\">\n                  <h3>\n                    Cestelli per gelati\n                  <\/h3>\n                <\/div>\n                <figure>\n                                      <img decoding=\"async\" \n                      class=\"lazy\"\n                      src=\"https:\/\/eptsrl.eu\/web\/app\/uploads\/2022\/07\/EPT03-copia-1-1440x810.jpg\" \n                      alt=\"\"\n                      title=\"EPT03-copia\"\n                    \/>\n                                  <\/figure>\n              <\/a>\n            <\/li>\n                                  <li class=\"swiper-slide\">\n              <a href=\"https:\/\/eptsrl.eu\/ro\/prodotti\/squeezer-e-push-ups\/\">\n                <div class=\"category-title\">\n                  <h3>\n                    Squeezer e Push Ups\n                  <\/h3>\n                <\/div>\n                <figure>\n                                      <img decoding=\"async\" \n                      class=\"lazy\"\n                      src=\"https:\/\/eptsrl.eu\/web\/app\/uploads\/2022\/07\/EPT02-copia-1-1440x810.jpg\" \n                      alt=\"\"\n                      title=\"EPT02-copia\"\n                    \/>\n                                  <\/figure>\n              <\/a>\n            <\/li>\n                                  <li class=\"swiper-slide\">\n              <a href=\"https:\/\/eptsrl.eu\/ro\/prodotti\/imballaggio-flessibile-per-gelati\/\">\n                <div class=\"category-title\">\n                  <h3>\n                    Imballaggio flessibile per gelati\n                  <\/h3>\n                <\/div>\n                <figure>\n                                      <img decoding=\"async\" \n                      class=\"lazy\"\n                      src=\"https:\/\/eptsrl.eu\/web\/app\/uploads\/2022\/07\/EPT05-copia-1-1440x810.jpg\" \n                      alt=\"\"\n                      title=\"EPT05-copia\"\n                    \/>\n                                  <\/figure>\n              <\/a>\n            <\/li>\n                  <\/ul>\n      <\/div>\n    <\/div>\n  <\/div>\n<\/div>\n\n<div class=\"wp-block-group alignfull thor-maxwidth-default has-neutral-light-color has-primary-background-color has-text-color has-background is-layout-flow wp-block-group-is-layout-flow\">\n<div style=\"height:30px\" aria-hidden=\"true\" class=\"wp-block-spacer\"><\/div>\n\n\n\n<div style=\"height:30px\" aria-hidden=\"true\" class=\"wp-block-spacer thor-hidden-sm\"><\/div>\n\n\n\n<h3 class=\"has-text-align-center has-xl-font-size wp-block-heading\">News<\/h3>\n\n\n\n<div style=\"height:30px\" aria-hidden=\"true\" class=\"wp-block-spacer thor-hidden-sm\"><\/div>\n\n\n\n<hr class=\"wp-block-separator has-text-color has-background has-neutral-light-background-color has-neutral-light-color is-style-wide\"\/>\n\n\n\n<div style=\"height:30px\" aria-hidden=\"true\" class=\"wp-block-spacer thor-hidden-sm\"><\/div>\n\n\n\n<div class=\"wp-block-group thor-maxwidth-3xl is-layout-flow wp-block-group-is-layout-flow\"><div id=\"thor-block_62ced77c17bee\" class=\"thor-posts-list\">\n  <div class=\"-mx-4 row\">\n              <div class=\"w-full md__w-1\/2 lg__w-1\/3 teaser-multi-column\">\n        <article class=\"teaser-post post-229 post type-post status-publish format-standard has-post-thumbnail hentry category-non-categorizzato\">\n      <figure>\n      <a href=\"https:\/\/eptsrl.eu\/ro\/online-il-nuovo-sito\/\" title=\"Online il nuovo sito EPT Srl\">\n        <img decoding=\"async\"\n          class=\"lazy\"\n          src=\"https:\/\/eptsrl.eu\/web\/app\/uploads\/2022\/07\/EPT11-copia-70x39.jpg\"\n          data-src=\"https:\/\/eptsrl.eu\/web\/app\/uploads\/2022\/07\/EPT11-copia-1440x810.jpg\"\n        \/>\n      <\/a>\n    <\/figure>\n    \n  <header>\n    <a href=\"https:\/\/eptsrl.eu\/ro\/online-il-nuovo-sito\/\" title=\"Online il nuovo sito EPT Srl\">\n      <h3>\n        Online il nuovo sito EPT Srl\n      <\/h3>\n    <\/a>\n  <\/header>\n<\/article>\n      <\/div>\n      <\/div><!--row-->\n<\/div>\n<\/div>\n\n\n\n<div style=\"height:30px\" aria-hidden=\"true\" class=\"wp-block-spacer\"><\/div>\n<\/div>\n","protected":false},"excerpt":{"rendered":"<p>Eficien\u021ba noastr\u0103 ste de o importan\u021b\u0103 fundamental\u0103 pentru a ne asigura c\u0103 sunt atinse cele mai \u00eenalte standarde de calitate&#8230;<\/p>\n","protected":false},"author":1,"featured_media":695,"parent":0,"menu_order":7,"comment_status":"closed","ping_status":"closed","template":"","meta":{"inline_featured_image":false,"footnotes":""},"class_list":["post-517","page","type-page","status-publish","has-post-thumbnail","hentry"],"yoast_head":"<!-- This site is optimized with the Yoast SEO plugin v24.5 - https:\/\/yoast.com\/wordpress\/plugins\/seo\/ -->\n<title>Home - EPT<\/title>\n<meta name=\"robots\" content=\"index, follow, max-snippet:-1, max-image-preview:large, max-video-preview:-1\" \/>\n<link rel=\"canonical\" href=\"https:\/\/eptsrl.eu\/ro\/\" \/>\n<meta property=\"og:locale\" content=\"ro_RO\" \/>\n<meta property=\"og:type\" content=\"article\" \/>\n<meta property=\"og:title\" content=\"Home - EPT\" \/>\n<meta property=\"og:description\" content=\"Eficien\u021ba noastr\u0103 ste de o importan\u021b\u0103 fundamental\u0103 pentru a ne asigura c\u0103 sunt atinse cele mai \u00eenalte standarde de calitate...\" \/>\n<meta property=\"og:url\" content=\"https:\/\/eptsrl.eu\/ro\/\" \/>\n<meta property=\"og:site_name\" content=\"EPT\" \/>\n<meta property=\"article:modified_time\" content=\"2022-07-19T12:25:24+00:00\" \/>\n<meta property=\"og:image\" content=\"https:\/\/eptsrl.eu\/web\/app\/uploads\/2022\/07\/EPT10.jpg\" \/>\n\t<meta property=\"og:image:width\" content=\"1920\" \/>\n\t<meta property=\"og:image:height\" content=\"1080\" \/>\n\t<meta property=\"og:image:type\" content=\"image\/jpeg\" \/>\n<meta name=\"twitter:card\" content=\"summary_large_image\" \/>\n<meta name=\"twitter:label1\" content=\"Est. reading time\" \/>\n\t<meta name=\"twitter:data1\" content=\"1 minute\" \/>\n<script type=\"application\/ld+json\" class=\"yoast-schema-graph\">{\"@context\":\"https:\/\/schema.org\",\"@graph\":[{\"@type\":\"WebPage\",\"@id\":\"https:\/\/eptsrl.eu\/ro\/\",\"url\":\"https:\/\/eptsrl.eu\/ro\/\",\"name\":\"Home - EPT\",\"isPartOf\":{\"@id\":\"https:\/\/eptsrl.eu\/ro\/#website\"},\"primaryImageOfPage\":{\"@id\":\"https:\/\/eptsrl.eu\/ro\/#primaryimage\"},\"image\":{\"@id\":\"https:\/\/eptsrl.eu\/ro\/#primaryimage\"},\"thumbnailUrl\":\"https:\/\/eptsrl.eu\/web\/app\/uploads\/2022\/07\/EPT10.jpg\",\"datePublished\":\"2022-03-08T13:40:00+00:00\",\"dateModified\":\"2022-07-19T12:25:24+00:00\",\"breadcrumb\":{\"@id\":\"https:\/\/eptsrl.eu\/ro\/#breadcrumb\"},\"inLanguage\":\"ro-RO\",\"potentialAction\":[{\"@type\":\"ReadAction\",\"target\":[\"https:\/\/eptsrl.eu\/ro\/\"]}]},{\"@type\":\"ImageObject\",\"inLanguage\":\"ro-RO\",\"@id\":\"https:\/\/eptsrl.eu\/ro\/#primaryimage\",\"url\":\"https:\/\/eptsrl.eu\/web\/app\/uploads\/2022\/07\/EPT10.jpg\",\"contentUrl\":\"https:\/\/eptsrl.eu\/web\/app\/uploads\/2022\/07\/EPT10.jpg\",\"width\":1920,\"height\":1080},{\"@type\":\"BreadcrumbList\",\"@id\":\"https:\/\/eptsrl.eu\/ro\/#breadcrumb\",\"itemListElement\":[{\"@type\":\"ListItem\",\"position\":1,\"name\":\"Home\",\"item\":\"https:\/\/eptsrl.eu\/ro\/\"},{\"@type\":\"ListItem\",\"position\":2,\"name\":\"Home\"}]},{\"@type\":\"WebSite\",\"@id\":\"https:\/\/eptsrl.eu\/ro\/#website\",\"url\":\"https:\/\/eptsrl.eu\/ro\/\",\"name\":\"EPT Srl\",\"description\":\"European Packaging Tech\",\"publisher\":{\"@id\":\"https:\/\/eptsrl.eu\/ro\/#organization\"},\"alternateName\":\"EPT Srl\",\"potentialAction\":[{\"@type\":\"SearchAction\",\"target\":{\"@type\":\"EntryPoint\",\"urlTemplate\":\"https:\/\/eptsrl.eu\/ro\/?s={search_term_string}\"},\"query-input\":{\"@type\":\"PropertyValueSpecification\",\"valueRequired\":true,\"valueName\":\"search_term_string\"}}],\"inLanguage\":\"ro-RO\"},{\"@type\":\"Organization\",\"@id\":\"https:\/\/eptsrl.eu\/ro\/#organization\",\"name\":\"EPT Srl\",\"alternateName\":\"European Packaging Tech\",\"url\":\"https:\/\/eptsrl.eu\/ro\/\",\"logo\":{\"@type\":\"ImageObject\",\"inLanguage\":\"ro-RO\",\"@id\":\"https:\/\/eptsrl.eu\/ro\/#\/schema\/logo\/image\/\",\"url\":\"https:\/\/eptsrl.eu\/web\/app\/uploads\/2022\/05\/cropped-favicon-1.png\",\"contentUrl\":\"https:\/\/eptsrl.eu\/web\/app\/uploads\/2022\/05\/cropped-favicon-1.png\",\"width\":512,\"height\":512,\"caption\":\"EPT Srl\"},\"image\":{\"@id\":\"https:\/\/eptsrl.eu\/ro\/#\/schema\/logo\/image\/\"}}]}<\/script>\n<!-- \/ Yoast SEO plugin. -->","yoast_head_json":{"title":"Home - EPT","robots":{"index":"index","follow":"follow","max-snippet":"max-snippet:-1","max-image-preview":"max-image-preview:large","max-video-preview":"max-video-preview:-1"},"canonical":"https:\/\/eptsrl.eu\/ro\/","og_locale":"ro_RO","og_type":"article","og_title":"Home - EPT","og_description":"Eficien\u021ba noastr\u0103 ste de o importan\u021b\u0103 fundamental\u0103 pentru a ne asigura c\u0103 sunt atinse cele mai \u00eenalte standarde de calitate...","og_url":"https:\/\/eptsrl.eu\/ro\/","og_site_name":"EPT","article_modified_time":"2022-07-19T12:25:24+00:00","og_image":[{"width":1920,"height":1080,"url":"https:\/\/eptsrl.eu\/web\/app\/uploads\/2022\/07\/EPT10.jpg","type":"image\/jpeg"}],"twitter_card":"summary_large_image","twitter_misc":{"Est. reading time":"1 minute"},"schema":{"@context":"https:\/\/schema.org","@graph":[{"@type":"WebPage","@id":"https:\/\/eptsrl.eu\/ro\/","url":"https:\/\/eptsrl.eu\/ro\/","name":"Home - EPT","isPartOf":{"@id":"https:\/\/eptsrl.eu\/ro\/#website"},"primaryImageOfPage":{"@id":"https:\/\/eptsrl.eu\/ro\/#primaryimage"},"image":{"@id":"https:\/\/eptsrl.eu\/ro\/#primaryimage"},"thumbnailUrl":"https:\/\/eptsrl.eu\/web\/app\/uploads\/2022\/07\/EPT10.jpg","datePublished":"2022-03-08T13:40:00+00:00","dateModified":"2022-07-19T12:25:24+00:00","breadcrumb":{"@id":"https:\/\/eptsrl.eu\/ro\/#breadcrumb"},"inLanguage":"ro-RO","potentialAction":[{"@type":"ReadAction","target":["https:\/\/eptsrl.eu\/ro\/"]}]},{"@type":"ImageObject","inLanguage":"ro-RO","@id":"https:\/\/eptsrl.eu\/ro\/#primaryimage","url":"https:\/\/eptsrl.eu\/web\/app\/uploads\/2022\/07\/EPT10.jpg","contentUrl":"https:\/\/eptsrl.eu\/web\/app\/uploads\/2022\/07\/EPT10.jpg","width":1920,"height":1080},{"@type":"BreadcrumbList","@id":"https:\/\/eptsrl.eu\/ro\/#breadcrumb","itemListElement":[{"@type":"ListItem","position":1,"name":"Home","item":"https:\/\/eptsrl.eu\/ro\/"},{"@type":"ListItem","position":2,"name":"Home"}]},{"@type":"WebSite","@id":"https:\/\/eptsrl.eu\/ro\/#website","url":"https:\/\/eptsrl.eu\/ro\/","name":"EPT Srl","description":"European Packaging Tech","publisher":{"@id":"https:\/\/eptsrl.eu\/ro\/#organization"},"alternateName":"EPT Srl","potentialAction":[{"@type":"SearchAction","target":{"@type":"EntryPoint","urlTemplate":"https:\/\/eptsrl.eu\/ro\/?s={search_term_string}"},"query-input":{"@type":"PropertyValueSpecification","valueRequired":true,"valueName":"search_term_string"}}],"inLanguage":"ro-RO"},{"@type":"Organization","@id":"https:\/\/eptsrl.eu\/ro\/#organization","name":"EPT Srl","alternateName":"European Packaging Tech","url":"https:\/\/eptsrl.eu\/ro\/","logo":{"@type":"ImageObject","inLanguage":"ro-RO","@id":"https:\/\/eptsrl.eu\/ro\/#\/schema\/logo\/image\/","url":"https:\/\/eptsrl.eu\/web\/app\/uploads\/2022\/05\/cropped-favicon-1.png","contentUrl":"https:\/\/eptsrl.eu\/web\/app\/uploads\/2022\/05\/cropped-favicon-1.png","width":512,"height":512,"caption":"EPT Srl"},"image":{"@id":"https:\/\/eptsrl.eu\/ro\/#\/schema\/logo\/image\/"}}]}},"acf":[],"_links":{"self":[{"href":"https:\/\/eptsrl.eu\/ro\/wp-json\/wp\/v2\/pages\/517","targetHints":{"allow":["GET"]}}],"collection":[{"href":"https:\/\/eptsrl.eu\/ro\/wp-json\/wp\/v2\/pages"}],"about":[{"href":"https:\/\/eptsrl.eu\/ro\/wp-json\/wp\/v2\/types\/page"}],"author":[{"embeddable":true,"href":"https:\/\/eptsrl.eu\/ro\/wp-json\/wp\/v2\/users\/1"}],"replies":[{"embeddable":true,"href":"https:\/\/eptsrl.eu\/ro\/wp-json\/wp\/v2\/comments?post=517"}],"version-history":[{"count":35,"href":"https:\/\/eptsrl.eu\/ro\/wp-json\/wp\/v2\/pages\/517\/revisions"}],"predecessor-version":[{"id":1056,"href":"https:\/\/eptsrl.eu\/ro\/wp-json\/wp\/v2\/pages\/517\/revisions\/1056"}],"wp:featuredmedia":[{"embeddable":true,"href":"https:\/\/eptsrl.eu\/ro\/wp-json\/wp\/v2\/media\/695"}],"wp:attachment":[{"href":"https:\/\/eptsrl.eu\/ro\/wp-json\/wp\/v2\/media?parent=517"}],"curies":[{"name":"wp","href":"https:\/\/api.w.org\/{rel}","templated":true}]}}