{"id":1089,"date":"2022-03-31T18:20:40","date_gmt":"2022-03-31T16:20:40","guid":{"rendered":"https:\/\/eptsrl.eu\/calitate\/"},"modified":"2022-07-19T15:00:46","modified_gmt":"2022-07-19T13:00:46","slug":"calitate","status":"publish","type":"page","link":"https:\/\/eptsrl.eu\/ro\/calitate\/","title":{"rendered":"Calitate"},"content":{"rendered":"\n<div class=\"wp-block-group alignfull thor-maxwidth-default has-primary-color has-neutral-blue-background-color has-text-color has-background is-layout-flow wp-block-group-is-layout-flow\" style=\"padding-top:0px;padding-bottom:0px\">\n<div style=\"height:30px\" aria-hidden=\"true\" class=\"wp-block-spacer\"><\/div>\n\n\n\n<div style=\"height:30px\" aria-hidden=\"true\" class=\"wp-block-spacer thor-hidden-sm\"><\/div>\n\n\n\n<div class=\"wp-block-group thor-maxwidth-3xl is-layout-flow wp-block-group-is-layout-flow\">\n<div class=\"wp-block-group thor-maxwidth-default has-primary-color has-text-color is-layout-flow wp-block-group-is-layout-flow\"><div class=\"yoast-breadcrumbs\"><span><span><a href=\"https:\/\/eptsrl.eu\/ro\/\">Home<\/a><\/span> \/ <span class=\"breadcrumb_last\" aria-current=\"page\">Calitate<\/span><\/span><\/div><\/div>\n\n\n\n<div style=\"height:30px\" aria-hidden=\"true\" class=\"wp-block-spacer\"><\/div>\n\n\n\n<div class=\"wp-block-columns  thor-tablet-two-columns thor-not-reverted is-layout-flex wp-container-core-columns-is-layout-9d6595d7 wp-block-columns-is-layout-flex\">\n<div class=\"wp-block-column is-layout-flow wp-block-column-is-layout-flow\">\n<h1 class=\"has-xl-font-size wp-block-heading\">Garant\u0103m \u00eentotdeauna calitatea produselor.<\/h1>\n<\/div>\n\n\n\n<div class=\"wp-block-column is-layout-flow wp-block-column-is-layout-flow\">\n<div style=\"height:30px\" aria-hidden=\"true\" class=\"wp-block-spacer thor-hidden-md thor-hidden-lg thor-hidden-xl\"><\/div>\n\n\n\n<p class=\"has-lg-font-size\"><strong>\u00cembun\u0103t\u0103\u021birea calit\u0103\u021bii \u00eenseamn\u0103 \u00eengrijirea produsului:<\/strong> Ne angaj\u0103m s\u0103 oferim produse cu standarde de calitate excelente, sus\u021binute de numeroasele certific\u0103ri ale furnizorilor no\u0219tri.<\/p>\n\n\n\n<p class=\"has-lg-font-size\">Urm\u0103rim \u00eentregul lan\u021b de aprovizionare, de la \u00eenceput p\u00e2n\u0103 la sf\u00e2r\u0219it, asigur\u00e2ndu-ne c\u0103 procesele de produc\u021bie sunt \u00een conformitate cu reglement\u0103rile UE \u00een domeniul sustenabilit\u0103\u021bii \u0219i respectului pentru mediu.<\/p>\n<\/div>\n<\/div>\n<\/div>\n\n\n\n<div style=\"height:30px\" aria-hidden=\"true\" class=\"wp-block-spacer thor-hidden-sm\"><\/div>\n\n\n\n<hr class=\"wp-block-separator has-text-color has-background has-white-background-color has-white-color is-style-wide\"\/>\n\n\n\n<div style=\"height:30px\" aria-hidden=\"true\" class=\"wp-block-spacer\"><\/div>\n\n\n\n<div style=\"height:30px\" aria-hidden=\"true\" class=\"wp-block-spacer thor-hidden-sm\"><\/div>\n\n\n\n<div class=\"wp-block-group thor-maxwidth-3xl is-layout-flow wp-block-group-is-layout-flow\">\n<div class=\"wp-block-columns  thor-tablet-two-columns thor-not-reverted is-layout-flex wp-container-core-columns-is-layout-9d6595d7 wp-block-columns-is-layout-flex\">\n<div class=\"wp-block-column is-layout-flow wp-block-column-is-layout-flow\" style=\"padding-right:5%\">\n<figure class=\"wp-block-image size-full is-resized\"><img loading=\"lazy\" decoding=\"async\" src=\"https:\/\/eptsrl.eu\/web\/app\/uploads\/2022\/07\/assistenza.png\" alt=\"\" class=\"wp-image-887\" width=\"42\" height=\"40\" srcset=\"https:\/\/eptsrl.eu\/web\/app\/uploads\/2022\/07\/assistenza.png 84w, https:\/\/eptsrl.eu\/web\/app\/uploads\/2022\/07\/assistenza-70x67.png 70w\" sizes=\"auto, (max-width: 42px) 100vw, 42px\" \/><\/figure>\n\n\n\n<h2 class=\"has-lg-font-size wp-block-heading\">Asisten\u021b\u0103 360\u00b0<\/h2>\n\n\n\n<div style=\"height:15px\" aria-hidden=\"true\" class=\"wp-block-spacer\"><\/div>\n\n\n\n<p class=\"\">Echipa noastr\u0103 s-a angajat \u00eentotdeauna s\u0103 urm\u0103reasc\u0103 cu meticulozitate fiecare client, asist\u00e2ndu-l \u00een fiecare faz\u0103 a procesului, de la proiectarea grafic\u0103 p\u00e2n\u0103 la livrarea produsului finit.<\/p>\n\n\n\n<div style=\"height:30px\" aria-hidden=\"true\" class=\"wp-block-spacer\"><\/div>\n<\/div>\n\n\n\n<div class=\"wp-block-column is-layout-flow wp-block-column-is-layout-flow\" style=\"padding-right:5%\">\n<figure class=\"wp-block-image size-full is-resized\"><img loading=\"lazy\" decoding=\"async\" src=\"https:\/\/eptsrl.eu\/web\/app\/uploads\/2022\/07\/flessibilita.png\" alt=\"\" class=\"wp-image-893\" width=\"26\" height=\"40\"\/><\/figure>\n\n\n\n<h2 class=\"has-lg-font-size wp-block-heading\">Flexibilitate<\/h2>\n\n\n\n<div style=\"height:15px\" aria-hidden=\"true\" class=\"wp-block-spacer\"><\/div>\n\n\n\n<p class=\"\">Clien\u021bii no\u0219tri sunt \u00een centrul aten\u021biei, a\u0219a c\u0103 \u00eencerc\u0103m s\u0103 ne ocup\u0103m at\u00e2t de tiraje mari, c\u00e2t \u0219i de comenzi mici la pre\u021buri avantajoase.<\/p>\n\n\n\n<div style=\"height:30px\" aria-hidden=\"true\" class=\"wp-block-spacer\"><\/div>\n<\/div>\n\n\n\n<div class=\"wp-block-column is-layout-flow wp-block-column-is-layout-flow\" style=\"padding-right:5%\">\n<figure class=\"wp-block-image size-full is-resized\"><img loading=\"lazy\" decoding=\"async\" src=\"https:\/\/eptsrl.eu\/web\/app\/uploads\/2022\/07\/innovazione.png\" alt=\"\" class=\"wp-image-899\" width=\"37\" height=\"40\" srcset=\"https:\/\/eptsrl.eu\/web\/app\/uploads\/2022\/07\/innovazione.png 74w, https:\/\/eptsrl.eu\/web\/app\/uploads\/2022\/07\/innovazione-70x76.png 70w\" sizes=\"auto, (max-width: 37px) 100vw, 37px\" \/><\/figure>\n\n\n\n<h2 class=\"has-lg-font-size wp-block-heading\">Inova\u021bie<\/h2>\n\n\n\n<div style=\"height:15px\" aria-hidden=\"true\" class=\"wp-block-spacer\"><\/div>\n\n\n\n<p class=\"\">Ne angaj\u0103m s\u0103 satisfacem toate solicit\u0103rile legate de lumea ambalajelor. Am \u00eencercat \u00eentotdeauna s\u0103 inov\u0103m \u0219i s\u0103 ne extindem gama de produse, pentru a r\u0103spunde nevoilor din ce \u00een ce mai mari ale sectorului.<\/p>\n<\/div>\n<\/div>\n<\/div>\n\n\n\n<div style=\"height:30px\" aria-hidden=\"true\" class=\"wp-block-spacer\"><\/div>\n\n\n\n<div style=\"height:30px\" aria-hidden=\"true\" class=\"wp-block-spacer thor-hidden-sm\"><\/div>\n\n\n\n<div class=\"wp-block-group thor-maxwidth-3xl is-layout-flow wp-block-group-is-layout-flow\" style=\"padding-top:0px;padding-bottom:0px\">\n<div class=\"wp-block-cover is-light\" style=\"min-height:500px;aspect-ratio:unset;\"><span aria-hidden=\"true\" class=\"has-background-dim-0 wp-block-cover__gradient-background has-background-dim\"><\/span><img loading=\"lazy\" decoding=\"async\" width=\"1920\" height=\"1080\" class=\"wp-block-cover__image-background wp-image-857\" alt=\"\" src=\"https:\/\/eptsrl.eu\/web\/app\/uploads\/2022\/07\/EPT08-copia.jpg\" data-object-fit=\"cover\" srcset=\"https:\/\/eptsrl.eu\/web\/app\/uploads\/2022\/07\/EPT08-copia.jpg 1920w, https:\/\/eptsrl.eu\/web\/app\/uploads\/2022\/07\/EPT08-copia-600x338.jpg 600w, https:\/\/eptsrl.eu\/web\/app\/uploads\/2022\/07\/EPT08-copia-1440x810.jpg 1440w, https:\/\/eptsrl.eu\/web\/app\/uploads\/2022\/07\/EPT08-copia-1024x576.jpg 1024w, https:\/\/eptsrl.eu\/web\/app\/uploads\/2022\/07\/EPT08-copia-1536x864.jpg 1536w, https:\/\/eptsrl.eu\/web\/app\/uploads\/2022\/07\/EPT08-copia-70x39.jpg 70w\" sizes=\"auto, (max-width: 1920px) 100vw, 1920px\" \/><div class=\"wp-block-cover__inner-container is-layout-flow wp-block-cover-is-layout-flow\">\n<p class=\"has-text-align-center has-large-font-size\"><\/p>\n<\/div><\/div>\n<\/div>\n<\/div>\n\n<div style=\"height:30px\" aria-hidden=\"true\" class=\"wp-block-spacer\"><\/div>\n\n<div style=\"height:30px\" aria-hidden=\"true\" class=\"wp-block-spacer\"><\/div>\n\n<div style=\"height:30px\" aria-hidden=\"true\" class=\"wp-block-spacer\"><\/div>\n\n<div class=\"wp-block-columns  thor-tablet-one-column thor-not-reverted has-primary-color has-neutral-light-background-color has-text-color has-background is-layout-flex wp-container-core-columns-is-layout-9d6595d7 wp-block-columns-is-layout-flex\">\n<div class=\"wp-block-column is-layout-flow wp-block-column-is-layout-flow\" style=\"flex-basis:33.33%\">\n<div style=\"height:50px\" aria-hidden=\"true\" class=\"wp-block-spacer\"><\/div>\n\n\n\n<h2 class=\"has-xl-font-size wp-block-heading\">Dori\u021bi informa\u021bii?<\/h2>\n\n\n\n<div style=\"height:15px\" aria-hidden=\"true\" class=\"wp-block-spacer\"><\/div>\n\n\n\n<p class=\"\">Scrie-ne cererea ta \u0219i te vom contacta<\/p>\n<\/div>\n\n\n\n<div class=\"wp-block-column is-layout-flow wp-block-column-is-layout-flow\" style=\"flex-basis:66.66%\">\n<div style=\"height:50px\" aria-hidden=\"true\" class=\"wp-block-spacer\"><\/div>\n\n\n<div role=\"form\" class=\"wpcf7\" id=\"wpcf7-f665-o1\" lang=\"ro-RO\" dir=\"ltr\">\n<div class=\"screen-reader-response\"><p role=\"status\" aria-live=\"polite\" aria-atomic=\"true\"><\/p> <ul><\/ul><\/div>\n<form action=\"\/ro\/wp-json\/wp\/v2\/pages\/1089#wpcf7-f665-o1\" method=\"post\" class=\"wpcf7-form init\" novalidate=\"novalidate\" data-status=\"init\">\n<div style=\"display: none;\">\n<input type=\"hidden\" name=\"_wpcf7\" value=\"665\" \/>\n<input type=\"hidden\" name=\"_wpcf7_version\" value=\"5.6.3\" \/>\n<input type=\"hidden\" name=\"_wpcf7_locale\" value=\"ro_RO\" \/>\n<input type=\"hidden\" name=\"_wpcf7_unit_tag\" value=\"wpcf7-f665-o1\" \/>\n<input type=\"hidden\" name=\"_wpcf7_container_post\" value=\"0\" \/>\n<input type=\"hidden\" name=\"_wpcf7_posted_data_hash\" value=\"\" \/>\n<input type=\"hidden\" name=\"_wpcf7_recaptcha_response\" value=\"\" \/>\n<\/div>\n<div class=\"row\">\n<div class=\"w-full sm__w-1\/2\"><span class=\"wpcf7-form-control-wrap\" data-name=\"your-name\"><input type=\"text\" name=\"your-name\" value=\"\" size=\"40\" class=\"wpcf7-form-control wpcf7-text wpcf7-validates-as-required\" aria-required=\"true\" aria-invalid=\"false\" placeholder=\"Nome*\" \/><\/span><\/div>\n<div class=\"w-full sm__w-1\/2\"><span class=\"wpcf7-form-control-wrap\" data-name=\"your-surname\"><input type=\"text\" name=\"your-surname\" value=\"\" size=\"40\" class=\"wpcf7-form-control wpcf7-text wpcf7-validates-as-required\" aria-required=\"true\" aria-invalid=\"false\" placeholder=\"Cognome*\" \/><\/span><\/div>\n<\/div>\n<div class=\"row\">\n<div class=\"w-full sm__w-1\/2\"><span class=\"wpcf7-form-control-wrap\" data-name=\"company\"><input type=\"text\" name=\"company\" value=\"\" size=\"40\" class=\"wpcf7-form-control wpcf7-text wpcf7-validates-as-required\" aria-required=\"true\" aria-invalid=\"false\" placeholder=\"Azienda*\" \/><\/span><\/div>\n<div class=\"w-full sm__w-1\/2\"><span class=\"wpcf7-form-control-wrap\" data-name=\"your-email\"><input type=\"email\" name=\"your-email\" value=\"\" size=\"40\" class=\"wpcf7-form-control wpcf7-text wpcf7-email wpcf7-validates-as-required wpcf7-validates-as-email\" aria-required=\"true\" aria-invalid=\"false\" placeholder=\"Email*\" \/><\/span><\/div>\n<\/div>\n<div class=\"row\">\n<div class=\"w-full\"><span class=\"wpcf7-form-control-wrap\" data-name=\"your-message\"><textarea name=\"your-message\" cols=\"40\" rows=\"3\" class=\"wpcf7-form-control wpcf7-textarea\" aria-invalid=\"false\" placeholder=\"Richiesta*\"><\/textarea><\/span><\/div>\n<div class=\"w-full\"><span class=\"wpcf7-form-control-wrap\" data-name=\"acceptance-518\"><span class=\"wpcf7-form-control wpcf7-acceptance\"><span class=\"wpcf7-list-item\"><label><input type=\"checkbox\" name=\"acceptance-518\" value=\"1\" aria-invalid=\"false\" \/><span class=\"wpcf7-list-item-label\"><small>Accept condi\u021biile din Politica de confiden\u021bialitate<\/small><\/span><\/label><\/span><\/span><\/span><\/div>\n<div class=\"w-full\"><input type=\"submit\" value=\"Invia\" class=\"wpcf7-form-control has-spinner wpcf7-submit\" \/><\/div>\n<\/div>\n<div class=\"wpcf7-response-output\" aria-hidden=\"true\"><\/div><\/form><\/div>\n<\/div>\n<\/div>\n\n<div style=\"height:30px\" aria-hidden=\"true\" class=\"wp-block-spacer\"><\/div>\n\n<div style=\"height:30px\" aria-hidden=\"true\" class=\"wp-block-spacer\"><\/div>\n","protected":false},"excerpt":{"rendered":"<p>Garant\u0103m \u00eentotdeauna calitatea produselor. \u00cembun\u0103t\u0103\u021birea calit\u0103\u021bii \u00eenseamn\u0103 \u00eengrijirea produsului: Ne angaj\u0103m s\u0103 oferim produse cu standarde de calitate excelente, sus\u021binute&#8230;<\/p>\n","protected":false},"author":1,"featured_media":0,"parent":0,"menu_order":19,"comment_status":"closed","ping_status":"closed","template":"","meta":{"inline_featured_image":false,"footnotes":""},"class_list":["post-1089","page","type-page","status-publish","hentry"],"yoast_head":"<!-- This site is optimized with the Yoast SEO plugin v24.5 - https:\/\/yoast.com\/wordpress\/plugins\/seo\/ -->\n<title>Calitate - EPT<\/title>\n<meta name=\"robots\" content=\"index, follow, max-snippet:-1, max-image-preview:large, max-video-preview:-1\" \/>\n<link rel=\"canonical\" href=\"https:\/\/eptsrl.eu\/ro\/calitate\/\" \/>\n<meta property=\"og:locale\" content=\"ro_RO\" \/>\n<meta property=\"og:type\" content=\"article\" \/>\n<meta property=\"og:title\" content=\"Calitate - EPT\" \/>\n<meta property=\"og:description\" content=\"Garant\u0103m \u00eentotdeauna calitatea produselor. \u00cembun\u0103t\u0103\u021birea calit\u0103\u021bii \u00eenseamn\u0103 \u00eengrijirea produsului: Ne angaj\u0103m s\u0103 oferim produse cu standarde de calitate excelente, sus\u021binute...\" \/>\n<meta property=\"og:url\" content=\"https:\/\/eptsrl.eu\/ro\/calitate\/\" \/>\n<meta property=\"og:site_name\" content=\"EPT\" \/>\n<meta property=\"article:modified_time\" content=\"2022-07-19T13:00:46+00:00\" \/>\n<meta property=\"og:image\" content=\"https:\/\/eptsrl.eu\/web\/app\/uploads\/2022\/07\/assistenza.png\" \/>\n<meta name=\"twitter:card\" content=\"summary_large_image\" \/>\n<meta name=\"twitter:label1\" content=\"Est. reading time\" \/>\n\t<meta name=\"twitter:data1\" content=\"1 minute\" \/>\n<script type=\"application\/ld+json\" class=\"yoast-schema-graph\">{\"@context\":\"https:\/\/schema.org\",\"@graph\":[{\"@type\":\"WebPage\",\"@id\":\"https:\/\/eptsrl.eu\/ro\/calitate\/\",\"url\":\"https:\/\/eptsrl.eu\/ro\/calitate\/\",\"name\":\"Calitate - EPT\",\"isPartOf\":{\"@id\":\"https:\/\/eptsrl.eu\/ro\/#website\"},\"primaryImageOfPage\":{\"@id\":\"https:\/\/eptsrl.eu\/ro\/calitate\/#primaryimage\"},\"image\":{\"@id\":\"https:\/\/eptsrl.eu\/ro\/calitate\/#primaryimage\"},\"thumbnailUrl\":\"https:\/\/eptsrl.eu\/web\/app\/uploads\/2022\/07\/assistenza.png\",\"datePublished\":\"2022-03-31T16:20:40+00:00\",\"dateModified\":\"2022-07-19T13:00:46+00:00\",\"breadcrumb\":{\"@id\":\"https:\/\/eptsrl.eu\/ro\/calitate\/#breadcrumb\"},\"inLanguage\":\"ro-RO\",\"potentialAction\":[{\"@type\":\"ReadAction\",\"target\":[\"https:\/\/eptsrl.eu\/ro\/calitate\/\"]}]},{\"@type\":\"ImageObject\",\"inLanguage\":\"ro-RO\",\"@id\":\"https:\/\/eptsrl.eu\/ro\/calitate\/#primaryimage\",\"url\":\"https:\/\/eptsrl.eu\/web\/app\/uploads\/2022\/07\/assistenza.png\",\"contentUrl\":\"https:\/\/eptsrl.eu\/web\/app\/uploads\/2022\/07\/assistenza.png\"},{\"@type\":\"BreadcrumbList\",\"@id\":\"https:\/\/eptsrl.eu\/ro\/calitate\/#breadcrumb\",\"itemListElement\":[{\"@type\":\"ListItem\",\"position\":1,\"name\":\"Home\",\"item\":\"https:\/\/eptsrl.eu\/ro\/\"},{\"@type\":\"ListItem\",\"position\":2,\"name\":\"Calitate\"}]},{\"@type\":\"WebSite\",\"@id\":\"https:\/\/eptsrl.eu\/ro\/#website\",\"url\":\"https:\/\/eptsrl.eu\/ro\/\",\"name\":\"EPT Srl\",\"description\":\"European Packaging Tech\",\"publisher\":{\"@id\":\"https:\/\/eptsrl.eu\/ro\/#organization\"},\"alternateName\":\"EPT Srl\",\"potentialAction\":[{\"@type\":\"SearchAction\",\"target\":{\"@type\":\"EntryPoint\",\"urlTemplate\":\"https:\/\/eptsrl.eu\/ro\/?s={search_term_string}\"},\"query-input\":{\"@type\":\"PropertyValueSpecification\",\"valueRequired\":true,\"valueName\":\"search_term_string\"}}],\"inLanguage\":\"ro-RO\"},{\"@type\":\"Organization\",\"@id\":\"https:\/\/eptsrl.eu\/ro\/#organization\",\"name\":\"EPT Srl\",\"alternateName\":\"European Packaging Tech\",\"url\":\"https:\/\/eptsrl.eu\/ro\/\",\"logo\":{\"@type\":\"ImageObject\",\"inLanguage\":\"ro-RO\",\"@id\":\"https:\/\/eptsrl.eu\/ro\/#\/schema\/logo\/image\/\",\"url\":\"https:\/\/eptsrl.eu\/web\/app\/uploads\/2022\/05\/cropped-favicon-1.png\",\"contentUrl\":\"https:\/\/eptsrl.eu\/web\/app\/uploads\/2022\/05\/cropped-favicon-1.png\",\"width\":512,\"height\":512,\"caption\":\"EPT Srl\"},\"image\":{\"@id\":\"https:\/\/eptsrl.eu\/ro\/#\/schema\/logo\/image\/\"}}]}<\/script>\n<!-- \/ Yoast SEO plugin. -->","yoast_head_json":{"title":"Calitate - EPT","robots":{"index":"index","follow":"follow","max-snippet":"max-snippet:-1","max-image-preview":"max-image-preview:large","max-video-preview":"max-video-preview:-1"},"canonical":"https:\/\/eptsrl.eu\/ro\/calitate\/","og_locale":"ro_RO","og_type":"article","og_title":"Calitate - EPT","og_description":"Garant\u0103m \u00eentotdeauna calitatea produselor. \u00cembun\u0103t\u0103\u021birea calit\u0103\u021bii \u00eenseamn\u0103 \u00eengrijirea produsului: Ne angaj\u0103m s\u0103 oferim produse cu standarde de calitate excelente, sus\u021binute...","og_url":"https:\/\/eptsrl.eu\/ro\/calitate\/","og_site_name":"EPT","article_modified_time":"2022-07-19T13:00:46+00:00","og_image":[{"url":"https:\/\/eptsrl.eu\/web\/app\/uploads\/2022\/07\/assistenza.png","type":"","width":"","height":""}],"twitter_card":"summary_large_image","twitter_misc":{"Est. reading time":"1 minute"},"schema":{"@context":"https:\/\/schema.org","@graph":[{"@type":"WebPage","@id":"https:\/\/eptsrl.eu\/ro\/calitate\/","url":"https:\/\/eptsrl.eu\/ro\/calitate\/","name":"Calitate - EPT","isPartOf":{"@id":"https:\/\/eptsrl.eu\/ro\/#website"},"primaryImageOfPage":{"@id":"https:\/\/eptsrl.eu\/ro\/calitate\/#primaryimage"},"image":{"@id":"https:\/\/eptsrl.eu\/ro\/calitate\/#primaryimage"},"thumbnailUrl":"https:\/\/eptsrl.eu\/web\/app\/uploads\/2022\/07\/assistenza.png","datePublished":"2022-03-31T16:20:40+00:00","dateModified":"2022-07-19T13:00:46+00:00","breadcrumb":{"@id":"https:\/\/eptsrl.eu\/ro\/calitate\/#breadcrumb"},"inLanguage":"ro-RO","potentialAction":[{"@type":"ReadAction","target":["https:\/\/eptsrl.eu\/ro\/calitate\/"]}]},{"@type":"ImageObject","inLanguage":"ro-RO","@id":"https:\/\/eptsrl.eu\/ro\/calitate\/#primaryimage","url":"https:\/\/eptsrl.eu\/web\/app\/uploads\/2022\/07\/assistenza.png","contentUrl":"https:\/\/eptsrl.eu\/web\/app\/uploads\/2022\/07\/assistenza.png"},{"@type":"BreadcrumbList","@id":"https:\/\/eptsrl.eu\/ro\/calitate\/#breadcrumb","itemListElement":[{"@type":"ListItem","position":1,"name":"Home","item":"https:\/\/eptsrl.eu\/ro\/"},{"@type":"ListItem","position":2,"name":"Calitate"}]},{"@type":"WebSite","@id":"https:\/\/eptsrl.eu\/ro\/#website","url":"https:\/\/eptsrl.eu\/ro\/","name":"EPT Srl","description":"European Packaging Tech","publisher":{"@id":"https:\/\/eptsrl.eu\/ro\/#organization"},"alternateName":"EPT Srl","potentialAction":[{"@type":"SearchAction","target":{"@type":"EntryPoint","urlTemplate":"https:\/\/eptsrl.eu\/ro\/?s={search_term_string}"},"query-input":{"@type":"PropertyValueSpecification","valueRequired":true,"valueName":"search_term_string"}}],"inLanguage":"ro-RO"},{"@type":"Organization","@id":"https:\/\/eptsrl.eu\/ro\/#organization","name":"EPT Srl","alternateName":"European Packaging Tech","url":"https:\/\/eptsrl.eu\/ro\/","logo":{"@type":"ImageObject","inLanguage":"ro-RO","@id":"https:\/\/eptsrl.eu\/ro\/#\/schema\/logo\/image\/","url":"https:\/\/eptsrl.eu\/web\/app\/uploads\/2022\/05\/cropped-favicon-1.png","contentUrl":"https:\/\/eptsrl.eu\/web\/app\/uploads\/2022\/05\/cropped-favicon-1.png","width":512,"height":512,"caption":"EPT Srl"},"image":{"@id":"https:\/\/eptsrl.eu\/ro\/#\/schema\/logo\/image\/"}}]}},"acf":[],"_links":{"self":[{"href":"https:\/\/eptsrl.eu\/ro\/wp-json\/wp\/v2\/pages\/1089","targetHints":{"allow":["GET"]}}],"collection":[{"href":"https:\/\/eptsrl.eu\/ro\/wp-json\/wp\/v2\/pages"}],"about":[{"href":"https:\/\/eptsrl.eu\/ro\/wp-json\/wp\/v2\/types\/page"}],"author":[{"embeddable":true,"href":"https:\/\/eptsrl.eu\/ro\/wp-json\/wp\/v2\/users\/1"}],"replies":[{"embeddable":true,"href":"https:\/\/eptsrl.eu\/ro\/wp-json\/wp\/v2\/comments?post=1089"}],"version-history":[{"count":3,"href":"https:\/\/eptsrl.eu\/ro\/wp-json\/wp\/v2\/pages\/1089\/revisions"}],"predecessor-version":[{"id":1092,"href":"https:\/\/eptsrl.eu\/ro\/wp-json\/wp\/v2\/pages\/1089\/revisions\/1092"}],"wp:attachment":[{"href":"https:\/\/eptsrl.eu\/ro\/wp-json\/wp\/v2\/media?parent=1089"}],"curies":[{"name":"wp","href":"https:\/\/api.w.org\/{rel}","templated":true}]}}