{"id":1079,"date":"2022-03-31T18:20:29","date_gmt":"2022-03-31T16:20:29","guid":{"rendered":"https:\/\/eptsrl.eu\/agentie\/"},"modified":"2022-07-19T14:55:57","modified_gmt":"2022-07-19T12:55:57","slug":"agentie","status":"publish","type":"page","link":"https:\/\/eptsrl.eu\/ro\/agentie\/","title":{"rendered":"Agen\u0163ie"},"content":{"rendered":"\n<div style=\"height:30px\" aria-hidden=\"true\" class=\"wp-block-spacer\"><\/div>\n\n<div style=\"height:30px\" aria-hidden=\"true\" class=\"wp-block-spacer thor-hidden-sm\"><\/div>\n\n<div class=\"wp-block-group thor-maxwidth-default has-neutral-dark-color has-text-color is-layout-flow wp-block-group-is-layout-flow\"><div class=\"yoast-breadcrumbs\"><span><span><a href=\"https:\/\/eptsrl.eu\/ro\/\">Home<\/a><\/span> \/ <span class=\"breadcrumb_last\" aria-current=\"page\">Agen\u0163ie<\/span><\/span><\/div><\/div>\n\n<div style=\"height:30px\" aria-hidden=\"true\" class=\"wp-block-spacer\"><\/div>\n\n<div class=\"wp-block-columns  thor-tablet-two-columns thor-not-reverted is-layout-flex wp-container-core-columns-is-layout-9d6595d7 wp-block-columns-is-layout-flex\">\n<div class=\"wp-block-column is-layout-flow wp-block-column-is-layout-flow\">\n<h1 class=\"has-secondary-color has-text-color has-xl-font-size wp-block-heading\">Cine suntem<\/h1>\n<\/div>\n\n\n\n<div class=\"wp-block-column is-layout-flow wp-block-column-is-layout-flow\">\n<div style=\"height:30px\" aria-hidden=\"true\" class=\"wp-block-spacer thor-hidden-md thor-hidden-lg thor-hidden-xl\"><\/div>\n\n\n\n<p class=\"has-lg-font-size\"><strong>European Packaging Tech SRL a fost fondat\u0103 \u00een 2014.<\/strong><\/p>\n\n\n\n<p class=\"has-lg-font-size\">\u00cenc\u0103 de la \u00eenceput, ne-am angajat s\u0103 caut\u0103m cei mai buni produc\u0103tori de ambalaje pentru \u00eenghe\u021bat\u0103, form\u00e2nd parteneriate de lung\u0103 durat\u0103. P\u00e2n\u0103 \u00een prezent, EPT se m\u00e2ndre\u0219te cu o lista foarte mare de furnizori, capabili s\u0103 satisfac\u0103 toate solicit\u0103rile legate de lumea ambalajelor \u0219i produc\u021biei de \u00eenghe\u021bat\u0103.<\/p>\n<\/div>\n<\/div>\n\n<div style=\"height:30px\" aria-hidden=\"true\" class=\"wp-block-spacer thor-hidden-sm\"><\/div>\n\n<div style=\"height:30px\" aria-hidden=\"true\" class=\"wp-block-spacer thor-hidden-sm\"><\/div>\n\n<div class=\"wp-block-group alignfull thor-maxwidth-default is-layout-flow wp-block-group-is-layout-flow\">\n<hr class=\"wp-block-separator has-text-color has-background has-gray-500-background-color has-gray-500-color is-style-wide\"\/>\n<\/div>\n\n<div style=\"height:30px\" aria-hidden=\"true\" class=\"wp-block-spacer thor-hidden-sm\"><\/div>\n\n<div style=\"height:30px\" aria-hidden=\"true\" class=\"wp-block-spacer thor-hidden-sm\"><\/div>\n\n<div class=\"wp-block-columns  thor-tablet-two-columns thor-not-reverted is-layout-flex wp-container-core-columns-is-layout-9d6595d7 wp-block-columns-is-layout-flex\">\n<div class=\"wp-block-column is-layout-flow wp-block-column-is-layout-flow\" style=\"padding-right:5%\">\n<figure class=\"wp-block-image size-full is-resized\"><img loading=\"lazy\" decoding=\"async\" src=\"https:\/\/eptsrl.eu\/web\/app\/uploads\/2022\/07\/qualita.png\" alt=\"\" class=\"wp-image-830\" width=\"40\" height=\"40\" srcset=\"https:\/\/eptsrl.eu\/web\/app\/uploads\/2022\/07\/qualita.png 80w, https:\/\/eptsrl.eu\/web\/app\/uploads\/2022\/07\/qualita-70x70.png 70w\" sizes=\"auto, (max-width: 40px) 100vw, 40px\" \/><\/figure>\n\n\n\n<h2 class=\"has-lg-font-size wp-block-heading\">Calitate<\/h2>\n\n\n\n<div style=\"height:15px\" aria-hidden=\"true\" class=\"wp-block-spacer\"><\/div>\n\n\n\n<p class=\"\">Toat\u0103 munca noastr\u0103 se bazeaz\u0103 pe selec\u021bia celor mai buni furnizori de ambalaje certifica\u021bi (FSC, PEFC, BRC, ISO 9001) asigur\u00e2ndu-ne c\u0103 produsele sunt \u00een conformitate cu reglement\u0103rile \u00een vigoare \u0219i c\u0103 respect\u0103 cele mai \u00eenalte standarde de calitate.<\/p>\n\n\n\n<div style=\"height:30px\" aria-hidden=\"true\" class=\"wp-block-spacer\"><\/div>\n<\/div>\n\n\n\n<div class=\"wp-block-column is-layout-flow wp-block-column-is-layout-flow\" style=\"padding-right:5%\">\n<figure class=\"wp-block-image size-full is-resized\"><img loading=\"lazy\" decoding=\"async\" src=\"https:\/\/eptsrl.eu\/web\/app\/uploads\/2022\/07\/cliente.png\" alt=\"\" class=\"wp-image-827\" width=\"40\" height=\"40\" srcset=\"https:\/\/eptsrl.eu\/web\/app\/uploads\/2022\/07\/cliente.png 80w, https:\/\/eptsrl.eu\/web\/app\/uploads\/2022\/07\/cliente-70x70.png 70w\" sizes=\"auto, (max-width: 40px) 100vw, 40px\" \/><\/figure>\n\n\n\n<h2 class=\"has-lg-font-size wp-block-heading\">Grija pentru clien\u021bilor<\/h2>\n\n\n\n<div style=\"height:15px\" aria-hidden=\"true\" class=\"wp-block-spacer\"><\/div>\n\n\n\n<p class=\"\">Dintotdeauna am urm\u0103rit cu scrupulozitate pe to\u021bi clien\u021bii, \u00een fiecare etap\u0103 a lucr\u0103rii, de la aspectul grafic p\u00e2n\u0103 la livrarea produsului finit.<\/p>\n\n\n\n<div style=\"height:30px\" aria-hidden=\"true\" class=\"wp-block-spacer\"><\/div>\n<\/div>\n\n\n\n<div class=\"wp-block-column is-layout-flow wp-block-column-is-layout-flow\" style=\"padding-right:5%\">\n<figure class=\"wp-block-image size-full is-resized\"><img loading=\"lazy\" decoding=\"async\" src=\"https:\/\/eptsrl.eu\/web\/app\/uploads\/2022\/07\/adattabilita.png\" alt=\"\" class=\"wp-image-824\" width=\"30\" height=\"40\"\/><\/figure>\n\n\n\n<h2 class=\"has-lg-font-size wp-block-heading\">Adaptabilitate<\/h2>\n\n\n\n<div style=\"height:15px\" aria-hidden=\"true\" class=\"wp-block-spacer\"><\/div>\n\n\n\n<p class=\"\">Cunoa\u0219tem foarte bine pia\u021ba global\u0103 \u0219i \u00eencerc\u0103m mereu s\u0103 oferim pre\u021buri competitive. De-a lungul timpului, am dezvoltat un sentiment ridicat de adaptabilitate.<\/p>\n<\/div>\n<\/div>\n\n<div style=\"height:30px\" aria-hidden=\"true\" class=\"wp-block-spacer\"><\/div>\n\n<div style=\"height:30px\" aria-hidden=\"true\" class=\"wp-block-spacer thor-hidden-sm\"><\/div>\n\n<div class=\"wp-block-cover is-light\" style=\"min-height:500px;aspect-ratio:unset;\"><span aria-hidden=\"true\" class=\"has-background-dim-0 wp-block-cover__gradient-background has-background-dim\"><\/span><img loading=\"lazy\" decoding=\"async\" width=\"1920\" height=\"1080\" class=\"wp-block-cover__image-background wp-image-854\" alt=\"\" src=\"https:\/\/eptsrl.eu\/web\/app\/uploads\/2022\/07\/EPT07-copia.jpg\" data-object-fit=\"cover\" srcset=\"https:\/\/eptsrl.eu\/web\/app\/uploads\/2022\/07\/EPT07-copia.jpg 1920w, https:\/\/eptsrl.eu\/web\/app\/uploads\/2022\/07\/EPT07-copia-600x338.jpg 600w, https:\/\/eptsrl.eu\/web\/app\/uploads\/2022\/07\/EPT07-copia-1440x810.jpg 1440w, https:\/\/eptsrl.eu\/web\/app\/uploads\/2022\/07\/EPT07-copia-1024x576.jpg 1024w, https:\/\/eptsrl.eu\/web\/app\/uploads\/2022\/07\/EPT07-copia-1536x864.jpg 1536w, https:\/\/eptsrl.eu\/web\/app\/uploads\/2022\/07\/EPT07-copia-70x39.jpg 70w\" sizes=\"auto, (max-width: 1920px) 100vw, 1920px\" \/><div class=\"wp-block-cover__inner-container is-layout-flow wp-block-cover-is-layout-flow\">\n<p class=\"has-text-align-center has-large-font-size\"><\/p>\n<\/div><\/div>\n<div id=\"thor-block_62cc4b0c09a7a\" class=\"thor-products-list\">\n  <div class=\"products-list-inner\">\n    <div class=\"w-full md__w-1\/2 lg__w-1\/3\">\n      <div class=\"side-info\">\n                  <h3>\n            Suntem speciali\u0219ti \u00een ambalaje \n          <\/h3>\n                          <div class=\"side-text\">\n            <p>De mul\u021bi ani lucr\u0103m cot la cot cu cele mai mari m\u0103rci de companii care produc \u00eenghe\u021bat\u0103.<\/p>\n\n          <\/div>\n                          <div class=\"side-link\">\n            <a href=\"https:\/\/eptsrl.eu\/prodotti\/linea-industriale\/\" target=\"\" alt=\"Linia Industriala\">\n              Linia Industriala\n            <\/a>\n          <\/div>\n                          <div class=\"navigation-wrapper\">\n            <div data-button-prev=\"\">\n              <svg width=\"60\" height=\"60\" viewBox=\"0 0 60 60\" fill=\"none\" xmlns=\"http:\/\/www.w3.org\/2000\/svg\"><circle cx=\"30\" cy=\"30\" r=\"30\" fill=\"#E7DCD7\"\/><path d=\"M43.207 30.707a1 1 0 000-1.414l-6.364-6.364a1 1 0 00-1.414 1.414L41.086 30l-5.657 5.657a1 1 0 001.414 1.414l6.364-6.364zM17.5 31h25v-2h-25v2z\" fill=\"#320B0B\"\/><\/svg>            <\/div>\n            <div data-button-next=\"\">\n              <svg width=\"60\" height=\"60\" viewBox=\"0 0 60 60\" fill=\"none\" xmlns=\"http:\/\/www.w3.org\/2000\/svg\"><circle cx=\"30\" cy=\"30\" r=\"30\" fill=\"#E7DCD7\"\/><path d=\"M43.207 30.707a1 1 0 000-1.414l-6.364-6.364a1 1 0 00-1.414 1.414L41.086 30l-5.657 5.657a1 1 0 001.414 1.414l6.364-6.364zM17.5 31h25v-2h-25v2z\" fill=\"#320B0B\"\/><\/svg>            <\/div>\n          <\/div>\n              <\/div><!--side info-->\n    <\/div>\n    <div class=\"w-full md__w-1\/2 lg__w-2\/3\">\n      <div class=\"carousel swiper product-types-list\">\n        <ul class=\"swiper-wrapper\">\n                                  <li class=\"swiper-slide\">\n              <a href=\"https:\/\/eptsrl.eu\/ro\/prodotti\/coni\/\">\n                <div class=\"category-title\">\n                  <h3>\n                    Coni\n                  <\/h3>\n                <\/div>\n                <figure>\n                                      <img decoding=\"async\" \n                      class=\"lazy\"\n                      src=\"https:\/\/eptsrl.eu\/web\/app\/uploads\/2022\/07\/EPT01-copia-1-1440x810.jpg\" \n                      alt=\"\"\n                      title=\"EPT01-copia\"\n                    \/>\n                                  <\/figure>\n              <\/a>\n            <\/li>\n                                  <li class=\"swiper-slide\">\n              <a href=\"https:\/\/eptsrl.eu\/ro\/prodotti\/coperchi-in-cartone-e-plastica\/\">\n                <div class=\"category-title\">\n                  <h3>\n                    Coperchi in cartone e plastica\n                  <\/h3>\n                <\/div>\n                <figure>\n                                      <img decoding=\"async\" \n                      class=\"lazy\"\n                      src=\"https:\/\/eptsrl.eu\/web\/app\/uploads\/2022\/07\/EPT04-copia-1-1440x810.jpg\" \n                      alt=\"\"\n                      title=\"EPT04-copia\"\n                    \/>\n                                  <\/figure>\n              <\/a>\n            <\/li>\n                                  <li class=\"swiper-slide\">\n              <a href=\"https:\/\/eptsrl.eu\/ro\/prodotti\/cialde-per-coni-gelato\/\">\n                <div class=\"category-title\">\n                  <h3>\n                    Cialde per Coni gelato\n                  <\/h3>\n                <\/div>\n                <figure>\n                                      <img decoding=\"async\" \n                      class=\"lazy\"\n                      src=\"https:\/\/eptsrl.eu\/web\/app\/uploads\/2022\/07\/EPT11-copia-1440x810.jpg\" \n                      alt=\"\"\n                      title=\"EPT11-copia\"\n                    \/>\n                                  <\/figure>\n              <\/a>\n            <\/li>\n                                  <li class=\"swiper-slide\">\n              <a href=\"https:\/\/eptsrl.eu\/ro\/prodotti\/stecchini-in-legno\/\">\n                <div class=\"category-title\">\n                  <h3>\n                    Stecchini in Legno\n                  <\/h3>\n                <\/div>\n                <figure>\n                                      <img decoding=\"async\" \n                      class=\"lazy\"\n                      src=\"https:\/\/eptsrl.eu\/web\/app\/uploads\/2022\/07\/EPT12-copia-1440x810.jpg\" \n                      alt=\"\"\n                      title=\"EPT12-copia\"\n                    \/>\n                                  <\/figure>\n              <\/a>\n            <\/li>\n                                  <li class=\"swiper-slide\">\n              <a href=\"https:\/\/eptsrl.eu\/ro\/prodotti\/cestelli-per-gelati\/\">\n                <div class=\"category-title\">\n                  <h3>\n                    Cestelli per gelati\n                  <\/h3>\n                <\/div>\n                <figure>\n                                      <img decoding=\"async\" \n                      class=\"lazy\"\n                      src=\"https:\/\/eptsrl.eu\/web\/app\/uploads\/2022\/07\/EPT03-copia-1-1440x810.jpg\" \n                      alt=\"\"\n                      title=\"EPT03-copia\"\n                    \/>\n                                  <\/figure>\n              <\/a>\n            <\/li>\n                                  <li class=\"swiper-slide\">\n              <a href=\"https:\/\/eptsrl.eu\/ro\/prodotti\/squeezer-e-push-ups\/\">\n                <div class=\"category-title\">\n                  <h3>\n                    Squeezer e Push Ups\n                  <\/h3>\n                <\/div>\n                <figure>\n                                      <img decoding=\"async\" \n                      class=\"lazy\"\n                      src=\"https:\/\/eptsrl.eu\/web\/app\/uploads\/2022\/07\/EPT02-copia-1-1440x810.jpg\" \n                      alt=\"\"\n                      title=\"EPT02-copia\"\n                    \/>\n                                  <\/figure>\n              <\/a>\n            <\/li>\n                                  <li class=\"swiper-slide\">\n              <a href=\"https:\/\/eptsrl.eu\/ro\/prodotti\/imballaggio-flessibile-per-gelati\/\">\n                <div class=\"category-title\">\n                  <h3>\n                    Imballaggio flessibile per gelati\n                  <\/h3>\n                <\/div>\n                <figure>\n                                      <img decoding=\"async\" \n                      class=\"lazy\"\n                      src=\"https:\/\/eptsrl.eu\/web\/app\/uploads\/2022\/07\/EPT05-copia-1-1440x810.jpg\" \n                      alt=\"\"\n                      title=\"EPT05-copia\"\n                    \/>\n                                  <\/figure>\n              <\/a>\n            <\/li>\n                  <\/ul>\n      <\/div>\n    <\/div>\n  <\/div>\n<\/div>\n","protected":false},"excerpt":{"rendered":"<p>Cine suntem European Packaging Tech SRL a fost fondat\u0103 \u00een 2014. \u00cenc\u0103 de la \u00eenceput, ne-am angajat s\u0103 caut\u0103m cei&#8230;<\/p>\n","protected":false},"author":1,"featured_media":686,"parent":0,"menu_order":1,"comment_status":"closed","ping_status":"closed","template":"","meta":{"inline_featured_image":false,"footnotes":""},"class_list":["post-1079","page","type-page","status-publish","has-post-thumbnail","hentry"],"yoast_head":"<!-- This site is optimized with the Yoast SEO plugin v24.5 - https:\/\/yoast.com\/wordpress\/plugins\/seo\/ -->\n<title>Agen\u0163ie - EPT<\/title>\n<meta name=\"robots\" content=\"index, follow, max-snippet:-1, max-image-preview:large, max-video-preview:-1\" \/>\n<link rel=\"canonical\" href=\"https:\/\/eptsrl.eu\/ro\/agentie\/\" \/>\n<meta property=\"og:locale\" content=\"ro_RO\" \/>\n<meta property=\"og:type\" content=\"article\" \/>\n<meta property=\"og:title\" content=\"Agen\u0163ie - EPT\" \/>\n<meta property=\"og:description\" content=\"Cine suntem European Packaging Tech SRL a fost fondat\u0103 \u00een 2014. \u00cenc\u0103 de la \u00eenceput, ne-am angajat s\u0103 caut\u0103m cei...\" \/>\n<meta property=\"og:url\" content=\"https:\/\/eptsrl.eu\/ro\/agentie\/\" \/>\n<meta property=\"og:site_name\" content=\"EPT\" \/>\n<meta property=\"article:modified_time\" content=\"2022-07-19T12:55:57+00:00\" \/>\n<meta property=\"og:image\" content=\"https:\/\/eptsrl.eu\/web\/app\/uploads\/2022\/07\/EPT07.jpg\" \/>\n\t<meta property=\"og:image:width\" content=\"1920\" \/>\n\t<meta property=\"og:image:height\" content=\"1080\" \/>\n\t<meta property=\"og:image:type\" content=\"image\/jpeg\" \/>\n<meta name=\"twitter:card\" content=\"summary_large_image\" \/>\n<meta name=\"twitter:label1\" content=\"Est. reading time\" \/>\n\t<meta name=\"twitter:data1\" content=\"1 minute\" \/>\n<script type=\"application\/ld+json\" class=\"yoast-schema-graph\">{\"@context\":\"https:\/\/schema.org\",\"@graph\":[{\"@type\":\"WebPage\",\"@id\":\"https:\/\/eptsrl.eu\/ro\/agentie\/\",\"url\":\"https:\/\/eptsrl.eu\/ro\/agentie\/\",\"name\":\"Agen\u0163ie - EPT\",\"isPartOf\":{\"@id\":\"https:\/\/eptsrl.eu\/ro\/#website\"},\"primaryImageOfPage\":{\"@id\":\"https:\/\/eptsrl.eu\/ro\/agentie\/#primaryimage\"},\"image\":{\"@id\":\"https:\/\/eptsrl.eu\/ro\/agentie\/#primaryimage\"},\"thumbnailUrl\":\"https:\/\/eptsrl.eu\/web\/app\/uploads\/2022\/07\/EPT07.jpg\",\"datePublished\":\"2022-03-31T16:20:29+00:00\",\"dateModified\":\"2022-07-19T12:55:57+00:00\",\"breadcrumb\":{\"@id\":\"https:\/\/eptsrl.eu\/ro\/agentie\/#breadcrumb\"},\"inLanguage\":\"ro-RO\",\"potentialAction\":[{\"@type\":\"ReadAction\",\"target\":[\"https:\/\/eptsrl.eu\/ro\/agentie\/\"]}]},{\"@type\":\"ImageObject\",\"inLanguage\":\"ro-RO\",\"@id\":\"https:\/\/eptsrl.eu\/ro\/agentie\/#primaryimage\",\"url\":\"https:\/\/eptsrl.eu\/web\/app\/uploads\/2022\/07\/EPT07.jpg\",\"contentUrl\":\"https:\/\/eptsrl.eu\/web\/app\/uploads\/2022\/07\/EPT07.jpg\",\"width\":1920,\"height\":1080},{\"@type\":\"BreadcrumbList\",\"@id\":\"https:\/\/eptsrl.eu\/ro\/agentie\/#breadcrumb\",\"itemListElement\":[{\"@type\":\"ListItem\",\"position\":1,\"name\":\"Home\",\"item\":\"https:\/\/eptsrl.eu\/ro\/\"},{\"@type\":\"ListItem\",\"position\":2,\"name\":\"Agen\u0163ie\"}]},{\"@type\":\"WebSite\",\"@id\":\"https:\/\/eptsrl.eu\/ro\/#website\",\"url\":\"https:\/\/eptsrl.eu\/ro\/\",\"name\":\"EPT Srl\",\"description\":\"European Packaging Tech\",\"publisher\":{\"@id\":\"https:\/\/eptsrl.eu\/ro\/#organization\"},\"alternateName\":\"EPT Srl\",\"potentialAction\":[{\"@type\":\"SearchAction\",\"target\":{\"@type\":\"EntryPoint\",\"urlTemplate\":\"https:\/\/eptsrl.eu\/ro\/?s={search_term_string}\"},\"query-input\":{\"@type\":\"PropertyValueSpecification\",\"valueRequired\":true,\"valueName\":\"search_term_string\"}}],\"inLanguage\":\"ro-RO\"},{\"@type\":\"Organization\",\"@id\":\"https:\/\/eptsrl.eu\/ro\/#organization\",\"name\":\"EPT Srl\",\"alternateName\":\"European Packaging Tech\",\"url\":\"https:\/\/eptsrl.eu\/ro\/\",\"logo\":{\"@type\":\"ImageObject\",\"inLanguage\":\"ro-RO\",\"@id\":\"https:\/\/eptsrl.eu\/ro\/#\/schema\/logo\/image\/\",\"url\":\"https:\/\/eptsrl.eu\/web\/app\/uploads\/2022\/05\/cropped-favicon-1.png\",\"contentUrl\":\"https:\/\/eptsrl.eu\/web\/app\/uploads\/2022\/05\/cropped-favicon-1.png\",\"width\":512,\"height\":512,\"caption\":\"EPT Srl\"},\"image\":{\"@id\":\"https:\/\/eptsrl.eu\/ro\/#\/schema\/logo\/image\/\"}}]}<\/script>\n<!-- \/ Yoast SEO plugin. -->","yoast_head_json":{"title":"Agen\u0163ie - EPT","robots":{"index":"index","follow":"follow","max-snippet":"max-snippet:-1","max-image-preview":"max-image-preview:large","max-video-preview":"max-video-preview:-1"},"canonical":"https:\/\/eptsrl.eu\/ro\/agentie\/","og_locale":"ro_RO","og_type":"article","og_title":"Agen\u0163ie - EPT","og_description":"Cine suntem European Packaging Tech SRL a fost fondat\u0103 \u00een 2014. \u00cenc\u0103 de la \u00eenceput, ne-am angajat s\u0103 caut\u0103m cei...","og_url":"https:\/\/eptsrl.eu\/ro\/agentie\/","og_site_name":"EPT","article_modified_time":"2022-07-19T12:55:57+00:00","og_image":[{"width":1920,"height":1080,"url":"https:\/\/eptsrl.eu\/web\/app\/uploads\/2022\/07\/EPT07.jpg","type":"image\/jpeg"}],"twitter_card":"summary_large_image","twitter_misc":{"Est. reading time":"1 minute"},"schema":{"@context":"https:\/\/schema.org","@graph":[{"@type":"WebPage","@id":"https:\/\/eptsrl.eu\/ro\/agentie\/","url":"https:\/\/eptsrl.eu\/ro\/agentie\/","name":"Agen\u0163ie - EPT","isPartOf":{"@id":"https:\/\/eptsrl.eu\/ro\/#website"},"primaryImageOfPage":{"@id":"https:\/\/eptsrl.eu\/ro\/agentie\/#primaryimage"},"image":{"@id":"https:\/\/eptsrl.eu\/ro\/agentie\/#primaryimage"},"thumbnailUrl":"https:\/\/eptsrl.eu\/web\/app\/uploads\/2022\/07\/EPT07.jpg","datePublished":"2022-03-31T16:20:29+00:00","dateModified":"2022-07-19T12:55:57+00:00","breadcrumb":{"@id":"https:\/\/eptsrl.eu\/ro\/agentie\/#breadcrumb"},"inLanguage":"ro-RO","potentialAction":[{"@type":"ReadAction","target":["https:\/\/eptsrl.eu\/ro\/agentie\/"]}]},{"@type":"ImageObject","inLanguage":"ro-RO","@id":"https:\/\/eptsrl.eu\/ro\/agentie\/#primaryimage","url":"https:\/\/eptsrl.eu\/web\/app\/uploads\/2022\/07\/EPT07.jpg","contentUrl":"https:\/\/eptsrl.eu\/web\/app\/uploads\/2022\/07\/EPT07.jpg","width":1920,"height":1080},{"@type":"BreadcrumbList","@id":"https:\/\/eptsrl.eu\/ro\/agentie\/#breadcrumb","itemListElement":[{"@type":"ListItem","position":1,"name":"Home","item":"https:\/\/eptsrl.eu\/ro\/"},{"@type":"ListItem","position":2,"name":"Agen\u0163ie"}]},{"@type":"WebSite","@id":"https:\/\/eptsrl.eu\/ro\/#website","url":"https:\/\/eptsrl.eu\/ro\/","name":"EPT Srl","description":"European Packaging Tech","publisher":{"@id":"https:\/\/eptsrl.eu\/ro\/#organization"},"alternateName":"EPT Srl","potentialAction":[{"@type":"SearchAction","target":{"@type":"EntryPoint","urlTemplate":"https:\/\/eptsrl.eu\/ro\/?s={search_term_string}"},"query-input":{"@type":"PropertyValueSpecification","valueRequired":true,"valueName":"search_term_string"}}],"inLanguage":"ro-RO"},{"@type":"Organization","@id":"https:\/\/eptsrl.eu\/ro\/#organization","name":"EPT Srl","alternateName":"European Packaging Tech","url":"https:\/\/eptsrl.eu\/ro\/","logo":{"@type":"ImageObject","inLanguage":"ro-RO","@id":"https:\/\/eptsrl.eu\/ro\/#\/schema\/logo\/image\/","url":"https:\/\/eptsrl.eu\/web\/app\/uploads\/2022\/05\/cropped-favicon-1.png","contentUrl":"https:\/\/eptsrl.eu\/web\/app\/uploads\/2022\/05\/cropped-favicon-1.png","width":512,"height":512,"caption":"EPT Srl"},"image":{"@id":"https:\/\/eptsrl.eu\/ro\/#\/schema\/logo\/image\/"}}]}},"acf":[],"_links":{"self":[{"href":"https:\/\/eptsrl.eu\/ro\/wp-json\/wp\/v2\/pages\/1079","targetHints":{"allow":["GET"]}}],"collection":[{"href":"https:\/\/eptsrl.eu\/ro\/wp-json\/wp\/v2\/pages"}],"about":[{"href":"https:\/\/eptsrl.eu\/ro\/wp-json\/wp\/v2\/types\/page"}],"author":[{"embeddable":true,"href":"https:\/\/eptsrl.eu\/ro\/wp-json\/wp\/v2\/users\/1"}],"replies":[{"embeddable":true,"href":"https:\/\/eptsrl.eu\/ro\/wp-json\/wp\/v2\/comments?post=1079"}],"version-history":[{"count":1,"href":"https:\/\/eptsrl.eu\/ro\/wp-json\/wp\/v2\/pages\/1079\/revisions"}],"predecessor-version":[{"id":1080,"href":"https:\/\/eptsrl.eu\/ro\/wp-json\/wp\/v2\/pages\/1079\/revisions\/1080"}],"wp:featuredmedia":[{"embeddable":true,"href":"https:\/\/eptsrl.eu\/ro\/wp-json\/wp\/v2\/media\/686"}],"wp:attachment":[{"href":"https:\/\/eptsrl.eu\/ro\/wp-json\/wp\/v2\/media?parent=1079"}],"curies":[{"name":"wp","href":"https:\/\/api.w.org\/{rel}","templated":true}]}}